{"id":885,"date":"2019-07-22T15:33:47","date_gmt":"2019-07-22T18:33:47","guid":{"rendered":"https:\/\/tiaguiar.com\/?post_type=product&#038;p=885"},"modified":"2025-06-05T08:16:25","modified_gmt":"2025-06-05T11:16:25","slug":"consulta","status":"publish","type":"product","link":"https:\/\/tiaguiar.com\/index.php\/product\/consulta\/","title":{"rendered":"Consulta M\u00e9dica &#8211; Dr. Tiago Aguiar"},"content":{"rendered":"<p>Agende sua consulta com o Dr. Tiago Aguiar. Certamente perceber\u00e1 que suas queixas ser\u00e3o valorizadas. Receber\u00e1 al\u00e9m do tratamento,\u00a0 a informa\u00e7\u00e3o e a aten\u00e7\u00e3o que um m\u00e9dico deve dedicar a seus pacientes.<\/p>\n<h2>Por que agendar uma consulta com o Dr. Tiago Aguiar: Valores<\/h2>\n<p>Tenho\u00a0 a miss\u00e3o de dedicar-me inteiramente \u00e0 busca do conforto e da cura dos pacientes e, assim sendo, utilizo-me de todos os recursos dispon\u00edveis na medicina e sempre de maneira humana.<\/p>\n<p>Sigo, antes de tudo, os valores de \u00e9tica, respeito e humaniza\u00e7\u00e3o nas rela\u00e7\u00f5es com a sociedade: pacientes, colaboradores, fornecedores, legisla\u00e7\u00e3o e comunidade.<\/p>\n<p>Procuro manter-me\u00a0 atualizado com as inova\u00e7\u00f5es tecnol\u00f3gicas da medicina e, dessa maneira, servir melhor as pessoas.<\/p>\n<p>Com efeito, tamb\u00e9m procuro manter um ambiente de trabalho saud\u00e1vel,\u00a0alegre\u00a0e que contribua de maneira integral com a\u00a0sa\u00fade dos pacientes.<\/p>\n<p>Enfim, busco resultados \u00f3timos e sustent\u00e1veis\u00a0para elevar sempre a\u00a0qualidade dos servi\u00e7os m\u00e9dicos prestados.<\/p>\n<p><img loading=\"lazy\" decoding=\"async\" src=\"https:\/\/tiaguiar.com\/wp-content\/uploads\/2019\/06\/PHOTO-2019-04-25-09-59-00-300x200.jpg\" alt=\"\" width=\"300\" height=\"200\" class=\"size-medium wp-image-36 aligncenter\" \/><\/p>\n<h2>Por que tratar-se com o Dr. Tiago Aguiar: Forma\u00e7\u00e3o<\/h2>\n<p>Formei-me pela <a href=\"http:\/\/www.fmrp.usp.br\/\">Faculdade de Medicina de Ribeir\u00e3o Preto da USP.<\/a><\/p>\n<p>Fiz resid\u00eancia de Cirurgia Geral na <a href=\"http:\/\/www.fm.usp.br\">Faculdade de Medicina da USP<\/a>.<\/p>\n<p>Conclui minha especializa\u00e7\u00e3o em Urologia na <a href=\"https:\/\/www.fcm.unicamp.br\/fcm\/\">Faculdade de Ci\u00eancias M\u00e9dicas da UNICAMP.<\/a><\/p>\n<p>Aprimorei-me com MBA de Gest\u00e3o em Sa\u00fade na <a href=\"https:\/\/portal.fgv.br\/\">Funda\u00e7\u00e3o Get\u00falio Vargas<\/a><\/p>\n<h2>Por que agendar uma consulta com o Dr. Tiago Aguiar: IUP<\/h2>\n<p><span>Atualmente fa\u00e7o parte do Corpo Cl\u00ednico do IUP \u2013 Instituto de Urologia de Piracicaba. Atuo como urologista no\u00a0<\/span><a href=\"http:\/\/www.unimedpiracicaba.com.br\/hospital-unimed\/\">Hospital da Unimed de Piracicaba<\/a><span>,\u00a0<\/span><a href=\"http:\/\/www.santacasasaudepiracicaba.com.br\/\">Santa Casa de Piracicaba<\/a><span>\u00a0e\u00a0<\/span><a href=\"http:\/\/hfcp.com.br\/\">Hospital dos Fornecedores de Cana de Piracicaba.<\/a><\/p>\n<p>H\u00e1 mais de 30 anos em Piracicaba, o Instituto de Urologia nasceu com o intuito de assistir paciente urol\u00f3gico com qualidade, princ\u00edpios \u00e9ticos e human\u00edsticos. O corpo cl\u00ednico mant\u00e9m constante atualiza\u00e7\u00e3o. Urologia de ponta \u00e9 oferecida em instala\u00e7\u00f5es n\u00e3o apenas acolhedoras como tamb\u00e9m din\u00e2micas. Assim \u00e9 refer\u00eancia regional nas diversas especialidades relacionadas \u00e0 Urologia, tanto masculina quanto feminina.<\/p>\n<p>Nossa equipe n\u00e3o s\u00f3 possui forma\u00e7\u00e3o nas melhores institui\u00e7\u00f5es de ensino do pa\u00eds, como tamb\u00e9m procura atualizar-se e disponibilizar o que h\u00e1 de melhor em tratamento cir\u00fargico urol\u00f3gico. Estamos habilitados para atuar em todas as \u00e1reas da urologia: da urologia feminina \u00e0s cirurgias reconstrutivas da uretra, da endourologia \u00e0 andrologia (incluindo reprodu\u00e7\u00e3o humana) das cirurgias oncol\u00f3gicas mais extensas \u00e0 cirurgias laparosc\u00f3picas e rob\u00f3ticas, sem esquecer do tratamento da pr\u00f3stata e do transplante renal. Nosso know how em cirurgias urol\u00f3gicas de urg\u00eancia, poucas equipes no pa\u00eds possuem.<\/p>\n<p>Enfim, o IUP sempre est\u00e1 a postos quando voc\u00ea precisa. Temos plant\u00f5es todos os dias: de segunda-feira a sexta-feira das 7:00 \u00e0s 19:00; nos finais de semana e feriados, das 8:00 \u00e0s 11:30. Ap\u00f3s esses hor\u00e1rios ficamos de sobreaviso, caso voc\u00ea precise.<\/p>\n<p>Caso queira saber mais sobre o IUP, entre em<span>\u00a0<\/span><a href=\"https:\/\/tiaguiar.com\/index.php\/contato\/\">contato<\/a><span>\u00a0<\/span>ou acesse o site do IUP.<\/p>\n<h2>Por que tratar-se com o Dr. Tiago Aguiar:\u00a0 A comunica\u00e7\u00e3o \u00e9 f\u00e1cil<\/h2>\n<h5>CONTATO POR WHATSAPP<\/h5>\n<p>As secret\u00e1rias do consult\u00f3rio o(a) atender\u00e3o com prazer se voc\u00ea<span>\u00a0<\/span><a href=\"https:\/\/api.whatsapp.com\/send?phone=5519996608136&amp;text=Ol%C3%A1.%20Gostaria%20de%20agendar%20uma%20consulta%20com%20o%20Dr.%20Tiago.%20Qual%20a%20disponibilidade%3F\">mandar uma mensagem pelo Whasapp<\/a><span>\u00a0<\/span><img loading=\"lazy\" decoding=\"async\" width=\"20\" height=\"20\" scale=\"0\" class=\"wp-image-650\" src=\"https:\/\/tiaguiar.com\/wp-content\/uploads\/2019\/07\/whatsapp-e1563076706536.png\" alt=\"\" \/>. \u00c9 um meio \u00f3timo para agendar, confirmar, remarcar ou cancelar consultas. Se quiser me mandar um recado ou tirar uma d\u00favida, fique \u00e0 vontade. As secret\u00e1rias me repassar\u00e3o a mensagem e responderei assim que poss\u00edvel.<\/p>\n<h5>CONTATO POR TELEFONE<\/h5>\n<p>Com o intuito de agendar, confirmar, remarcar ou cancelar consultas, assim como transmitir-me recados ou tirar d\u00favidas, voc\u00ea pode tamb\u00e9m entrar em contato pelo telefone do consult\u00f3rio.<\/p>\n<p>Telefone Consult\u00f3rio:<span>\u00a0<\/span><a href=\"tel: 19 34372511\">(19) 3437-2511<\/a><span>\u00a0<\/span><img decoding=\"async\" draggable=\"false\" class=\"emoji\" alt=\"\ud83d\udcf2\" src=\"https:\/\/s.w.org\/images\/core\/emoji\/12.0.0-1\/svg\/1f4f2.svg\" \/><\/p>\n<h5>CONTATO POR E-MAIL<\/h5>\n<p>Em terceiro lugar, existe um canal direto comigo atrav\u00e9s do e-mail. \u00c9 prov\u00e1vel que eu retorne rapidamente, por\u00e9m ressalto que posso estar em procedimentos cir\u00fargicos ou atendimentos de urg\u00eancia e assim, demorar um pouco pra responder.<\/p>\n<p class=\"has-medium-font-size\">\u2709\ufe0e E-mail:<span>\u00a0<\/span><a href=\"mailto:%20contato@tiaguiar.com\">contato@tiaguiar.com<\/a><\/p>\n<p class=\"has-medium-font-size\"><a href=\"https:\/\/iup.com.br\"><\/a><\/p>\n<h2>CONV\u00caNIOS ATENDIDOS<\/h2>\n<p>O IUP realiza atendimento dos conv\u00eanios: Assefaz, Bradesco, Cabesp, Cassi, Cesp, Intermedici, Santa Casa, Sulam\u00e9rica e Unimed. Tamb\u00e9m nos dedicamos a consultas e procedimentos particulares.<\/p>\n<figure class=\"wp-block-image\"><img decoding=\"async\" src=\"https:\/\/tiaguiar.com\/wp-content\/uploads\/2019\/06\/Captura-de-Tela-2019-06-29-a%CC%80s-23.15.10-1024x241.png\" alt=\"contato - conv\u00eanios\" class=\"wp-image-269\" srcset=\"https:\/\/tiaguiar.com\/wp-content\/uploads\/2019\/06\/Captura-de-Tela-2019-06-29-a\u0300s-23.15.10-1024x241.png 1024w, https:\/\/tiaguiar.com\/wp-content\/uploads\/2019\/06\/Captura-de-Tela-2019-06-29-a\u0300s-23.15.10-600x141.png 600w, https:\/\/tiaguiar.com\/wp-content\/uploads\/2019\/06\/Captura-de-Tela-2019-06-29-a\u0300s-23.15.10-300x70.png 300w, https:\/\/tiaguiar.com\/wp-content\/uploads\/2019\/06\/Captura-de-Tela-2019-06-29-a\u0300s-23.15.10-768x180.png 768w\" sizes=\"(max-width: 1024px) 100vw, 1024px\" \/><\/figure>\n<p class=\"has-medium-font-size\"><a href=\"https:\/\/iup.com.br\"><img loading=\"lazy\" decoding=\"async\" src=\"https:\/\/tiaguiar.com\/wp-content\/uploads\/2019\/06\/iup1.png\" alt=\"consulta\" width=\"126\" height=\"126\" class=\"wp-image-181 aligncenter\" srcset=\"https:\/\/tiaguiar.com\/wp-content\/uploads\/2019\/06\/iup1.png 200w, https:\/\/tiaguiar.com\/wp-content\/uploads\/2019\/06\/iup1-160x160.png 160w, https:\/\/tiaguiar.com\/wp-content\/uploads\/2019\/06\/iup1-150x150.png 150w, https:\/\/tiaguiar.com\/wp-content\/uploads\/2019\/06\/iup1-100x100.png 100w\" sizes=\"auto, (max-width: 126px) 100vw, 126px\" \/><\/a><a href=\"https:\/\/iup.com.br\/\"><\/a><\/p>\n<pre class=\"wp-block-code\"><code><\/code><\/pre>\n<pre class=\"wp-block-code\"><code><\/code><\/pre>\n","protected":false},"excerpt":{"rendered":"<p>Agende sua consulta com o Dr. Tiago Aguiar. Receber\u00e1 al\u00e9m do tratamento,\u00a0 a informa\u00e7\u00e3o e a aten\u00e7\u00e3o que um m\u00e9dico deve dedicar a seus pacientes.<\/p>\n","protected":false},"featured_media":789,"comment_status":"open","ping_status":"closed","template":"","meta":{"content-type":"","_monsterinsights_skip_tracking":false,"_monsterinsights_sitenote_active":false,"_monsterinsights_sitenote_note":"","_monsterinsights_sitenote_category":0,"_themeisle_gutenberg_block_has_review":false},"product_brand":[],"product_cat":[121,120],"product_tag":[111,131,133,132,138,134,135,137,114,136],"class_list":{"0":"post-885","1":"product","2":"type-product","3":"status-publish","4":"has-post-thumbnail","6":"product_cat-convenio","7":"product_cat-particular","8":"product_tag-calculo","9":"product_tag-consulta","10":"product_tag-consulta-medica","11":"product_tag-consulta-urologista","12":"product_tag-itu","13":"product_tag-medico","14":"product_tag-medico-piracicaba","15":"product_tag-prostata","16":"product_tag-urologista","17":"product_tag-urologista-piracicaba","19":"first","20":"instock","21":"taxable","22":"shipping-taxable","23":"product-type-external"},"yoast_head":"<!-- This site is optimized with the Yoast SEO plugin v27.4 - https:\/\/yoast.com\/product\/yoast-seo-wordpress\/ -->\n<title>Consulta M\u00e9dica - Dr. Tiago Aguiar - Urologista - Dr. Tiago Aguiar<\/title>\n<meta name=\"description\" content=\"Porque agendar uma consulta com o Dr. Tiago Aguiar: valores, forma\u00e7\u00e3o e toda a estrututa do Instituto de Urologia de Piracicaba - IUP\" \/>\n<meta name=\"robots\" content=\"index, follow, max-snippet:-1, max-image-preview:large, max-video-preview:-1\" \/>\n<link rel=\"canonical\" href=\"https:\/\/tiaguiar.com\/index.php\/product\/consulta\/\" \/>\n<meta property=\"og:locale\" content=\"pt_BR\" \/>\n<meta property=\"og:type\" content=\"article\" \/>\n<meta property=\"og:title\" content=\"Consulta M\u00e9dica - Dr. Tiago Aguiar - Urologista - Dr. Tiago Aguiar\" \/>\n<meta property=\"og:description\" content=\"Porque agendar uma consulta com o Dr. Tiago Aguiar: valores, forma\u00e7\u00e3o e toda a estrututa do Instituto de Urologia de Piracicaba - IUP\" \/>\n<meta property=\"og:url\" content=\"https:\/\/tiaguiar.com\/index.php\/product\/consulta\/\" \/>\n<meta property=\"og:site_name\" content=\"Urologista - Dr. Tiago Aguiar\" \/>\n<meta property=\"article:publisher\" content=\"https:\/\/www.facebook.com\/dr.tiagoaguiar\" \/>\n<meta property=\"article:modified_time\" content=\"2025-06-05T11:16:25+00:00\" \/>\n<meta property=\"og:image\" content=\"https:\/\/tiaguiar.com\/wp-content\/uploads\/2019\/07\/PHOTO-2019-04-25-09-58-59-1.jpg\" \/>\n\t<meta property=\"og:image:width\" content=\"1280\" \/>\n\t<meta property=\"og:image:height\" content=\"854\" \/>\n\t<meta property=\"og:image:type\" content=\"image\/jpeg\" \/>\n<meta name=\"twitter:card\" content=\"summary_large_image\" \/>\n<meta name=\"twitter:label1\" content=\"Est. tempo de leitura\" \/>\n\t<meta name=\"twitter:data1\" content=\"3 minutos\" \/>\n<script type=\"application\/ld+json\" class=\"yoast-schema-graph\">{\"@context\":\"https:\\\/\\\/schema.org\",\"@graph\":[{\"@type\":\"WebPage\",\"@id\":\"https:\\\/\\\/tiaguiar.com\\\/index.php\\\/product\\\/consulta\\\/\",\"url\":\"https:\\\/\\\/tiaguiar.com\\\/index.php\\\/product\\\/consulta\\\/\",\"name\":\"Consulta M\u00e9dica - Dr. Tiago Aguiar - Urologista - Dr. Tiago Aguiar\",\"isPartOf\":{\"@id\":\"https:\\\/\\\/tiaguiar.com\\\/#website\"},\"primaryImageOfPage\":{\"@id\":\"https:\\\/\\\/tiaguiar.com\\\/index.php\\\/product\\\/consulta\\\/#primaryimage\"},\"image\":{\"@id\":\"https:\\\/\\\/tiaguiar.com\\\/index.php\\\/product\\\/consulta\\\/#primaryimage\"},\"thumbnailUrl\":\"https:\\\/\\\/tiaguiar.com\\\/wp-content\\\/uploads\\\/2019\\\/07\\\/PHOTO-2019-04-25-09-58-59-1.jpg\",\"datePublished\":\"2019-07-22T18:33:47+00:00\",\"dateModified\":\"2025-06-05T11:16:25+00:00\",\"description\":\"Porque agendar uma consulta com o Dr. Tiago Aguiar: valores, forma\u00e7\u00e3o e toda a estrututa do Instituto de Urologia de Piracicaba - IUP\",\"breadcrumb\":{\"@id\":\"https:\\\/\\\/tiaguiar.com\\\/index.php\\\/product\\\/consulta\\\/#breadcrumb\"},\"inLanguage\":\"pt-BR\",\"potentialAction\":[{\"@type\":\"ReadAction\",\"target\":[\"https:\\\/\\\/tiaguiar.com\\\/index.php\\\/product\\\/consulta\\\/\"]}]},{\"@type\":\"ImageObject\",\"inLanguage\":\"pt-BR\",\"@id\":\"https:\\\/\\\/tiaguiar.com\\\/index.php\\\/product\\\/consulta\\\/#primaryimage\",\"url\":\"https:\\\/\\\/tiaguiar.com\\\/wp-content\\\/uploads\\\/2019\\\/07\\\/PHOTO-2019-04-25-09-58-59-1.jpg\",\"contentUrl\":\"https:\\\/\\\/tiaguiar.com\\\/wp-content\\\/uploads\\\/2019\\\/07\\\/PHOTO-2019-04-25-09-58-59-1.jpg\",\"width\":1280,\"height\":854,\"caption\":\"consulta\"},{\"@type\":\"BreadcrumbList\",\"@id\":\"https:\\\/\\\/tiaguiar.com\\\/index.php\\\/product\\\/consulta\\\/#breadcrumb\",\"itemListElement\":[{\"@type\":\"ListItem\",\"position\":1,\"name\":\"In\u00edcio\",\"item\":\"https:\\\/\\\/tiaguiar.com\\\/\"},{\"@type\":\"ListItem\",\"position\":2,\"name\":\"Servi\u00e7os Urol\u00f3gicos &#8211; IUP\",\"item\":\"https:\\\/\\\/tiaguiar.com\\\/index.php\\\/servicos\\\/\"},{\"@type\":\"ListItem\",\"position\":3,\"name\":\"Consulta M\u00e9dica &#8211; Dr. Tiago Aguiar\"}]},{\"@type\":\"WebSite\",\"@id\":\"https:\\\/\\\/tiaguiar.com\\\/#website\",\"url\":\"https:\\\/\\\/tiaguiar.com\\\/\",\"name\":\"Urologista - Dr. Tiago Aguiar\",\"description\":\"Urologista Piracicaba\",\"publisher\":{\"@id\":\"https:\\\/\\\/tiaguiar.com\\\/#organization\"},\"potentialAction\":[{\"@type\":\"SearchAction\",\"target\":{\"@type\":\"EntryPoint\",\"urlTemplate\":\"https:\\\/\\\/tiaguiar.com\\\/?s={search_term_string}\"},\"query-input\":{\"@type\":\"PropertyValueSpecification\",\"valueRequired\":true,\"valueName\":\"search_term_string\"}}],\"inLanguage\":\"pt-BR\"},{\"@type\":\"Organization\",\"@id\":\"https:\\\/\\\/tiaguiar.com\\\/#organization\",\"name\":\"Dr. Tiago Aguiar\",\"url\":\"https:\\\/\\\/tiaguiar.com\\\/\",\"logo\":{\"@type\":\"ImageObject\",\"inLanguage\":\"pt-BR\",\"@id\":\"https:\\\/\\\/tiaguiar.com\\\/#\\\/schema\\\/logo\\\/image\\\/\",\"url\":\"https:\\\/\\\/tiaguiar.com\\\/wp-content\\\/uploads\\\/2019\\\/06\\\/Logo.png\",\"contentUrl\":\"https:\\\/\\\/tiaguiar.com\\\/wp-content\\\/uploads\\\/2019\\\/06\\\/Logo.png\",\"width\":832,\"height\":146,\"caption\":\"Dr. Tiago Aguiar\"},\"image\":{\"@id\":\"https:\\\/\\\/tiaguiar.com\\\/#\\\/schema\\\/logo\\\/image\\\/\"},\"sameAs\":[\"https:\\\/\\\/www.facebook.com\\\/dr.tiagoaguiar\",\"https:\\\/\\\/www.instagram.com\\\/dr.tiagoaguiar\\\/\",\"https:\\\/\\\/www.youtube.com\\\/channel\\\/UCeaku16SlKgJJbQfdv09x3w\"]}]}<\/script>\n<!-- \/ Yoast SEO plugin. -->","yoast_head_json":{"title":"Consulta M\u00e9dica - Dr. Tiago Aguiar - Urologista - Dr. Tiago Aguiar","description":"Porque agendar uma consulta com o Dr. Tiago Aguiar: valores, forma\u00e7\u00e3o e toda a estrututa do Instituto de Urologia de Piracicaba - IUP","robots":{"index":"index","follow":"follow","max-snippet":"max-snippet:-1","max-image-preview":"max-image-preview:large","max-video-preview":"max-video-preview:-1"},"canonical":"https:\/\/tiaguiar.com\/index.php\/product\/consulta\/","og_locale":"pt_BR","og_type":"article","og_title":"Consulta M\u00e9dica - Dr. Tiago Aguiar - Urologista - Dr. Tiago Aguiar","og_description":"Porque agendar uma consulta com o Dr. Tiago Aguiar: valores, forma\u00e7\u00e3o e toda a estrututa do Instituto de Urologia de Piracicaba - IUP","og_url":"https:\/\/tiaguiar.com\/index.php\/product\/consulta\/","og_site_name":"Urologista - Dr. Tiago Aguiar","article_publisher":"https:\/\/www.facebook.com\/dr.tiagoaguiar","article_modified_time":"2025-06-05T11:16:25+00:00","og_image":[{"width":1280,"height":854,"url":"https:\/\/tiaguiar.com\/wp-content\/uploads\/2019\/07\/PHOTO-2019-04-25-09-58-59-1.jpg","type":"image\/jpeg"}],"twitter_card":"summary_large_image","twitter_misc":{"Est. tempo de leitura":"3 minutos"},"schema":{"@context":"https:\/\/schema.org","@graph":[{"@type":"WebPage","@id":"https:\/\/tiaguiar.com\/index.php\/product\/consulta\/","url":"https:\/\/tiaguiar.com\/index.php\/product\/consulta\/","name":"Consulta M\u00e9dica - Dr. Tiago Aguiar - Urologista - Dr. Tiago Aguiar","isPartOf":{"@id":"https:\/\/tiaguiar.com\/#website"},"primaryImageOfPage":{"@id":"https:\/\/tiaguiar.com\/index.php\/product\/consulta\/#primaryimage"},"image":{"@id":"https:\/\/tiaguiar.com\/index.php\/product\/consulta\/#primaryimage"},"thumbnailUrl":"https:\/\/tiaguiar.com\/wp-content\/uploads\/2019\/07\/PHOTO-2019-04-25-09-58-59-1.jpg","datePublished":"2019-07-22T18:33:47+00:00","dateModified":"2025-06-05T11:16:25+00:00","description":"Porque agendar uma consulta com o Dr. Tiago Aguiar: valores, forma\u00e7\u00e3o e toda a estrututa do Instituto de Urologia de Piracicaba - IUP","breadcrumb":{"@id":"https:\/\/tiaguiar.com\/index.php\/product\/consulta\/#breadcrumb"},"inLanguage":"pt-BR","potentialAction":[{"@type":"ReadAction","target":["https:\/\/tiaguiar.com\/index.php\/product\/consulta\/"]}]},{"@type":"ImageObject","inLanguage":"pt-BR","@id":"https:\/\/tiaguiar.com\/index.php\/product\/consulta\/#primaryimage","url":"https:\/\/tiaguiar.com\/wp-content\/uploads\/2019\/07\/PHOTO-2019-04-25-09-58-59-1.jpg","contentUrl":"https:\/\/tiaguiar.com\/wp-content\/uploads\/2019\/07\/PHOTO-2019-04-25-09-58-59-1.jpg","width":1280,"height":854,"caption":"consulta"},{"@type":"BreadcrumbList","@id":"https:\/\/tiaguiar.com\/index.php\/product\/consulta\/#breadcrumb","itemListElement":[{"@type":"ListItem","position":1,"name":"In\u00edcio","item":"https:\/\/tiaguiar.com\/"},{"@type":"ListItem","position":2,"name":"Servi\u00e7os Urol\u00f3gicos &#8211; IUP","item":"https:\/\/tiaguiar.com\/index.php\/servicos\/"},{"@type":"ListItem","position":3,"name":"Consulta M\u00e9dica &#8211; Dr. Tiago Aguiar"}]},{"@type":"WebSite","@id":"https:\/\/tiaguiar.com\/#website","url":"https:\/\/tiaguiar.com\/","name":"Urologista - Dr. Tiago Aguiar","description":"Urologista Piracicaba","publisher":{"@id":"https:\/\/tiaguiar.com\/#organization"},"potentialAction":[{"@type":"SearchAction","target":{"@type":"EntryPoint","urlTemplate":"https:\/\/tiaguiar.com\/?s={search_term_string}"},"query-input":{"@type":"PropertyValueSpecification","valueRequired":true,"valueName":"search_term_string"}}],"inLanguage":"pt-BR"},{"@type":"Organization","@id":"https:\/\/tiaguiar.com\/#organization","name":"Dr. Tiago Aguiar","url":"https:\/\/tiaguiar.com\/","logo":{"@type":"ImageObject","inLanguage":"pt-BR","@id":"https:\/\/tiaguiar.com\/#\/schema\/logo\/image\/","url":"https:\/\/tiaguiar.com\/wp-content\/uploads\/2019\/06\/Logo.png","contentUrl":"https:\/\/tiaguiar.com\/wp-content\/uploads\/2019\/06\/Logo.png","width":832,"height":146,"caption":"Dr. Tiago Aguiar"},"image":{"@id":"https:\/\/tiaguiar.com\/#\/schema\/logo\/image\/"},"sameAs":["https:\/\/www.facebook.com\/dr.tiagoaguiar","https:\/\/www.instagram.com\/dr.tiagoaguiar\/","https:\/\/www.youtube.com\/channel\/UCeaku16SlKgJJbQfdv09x3w"]}]}},"_links":{"self":[{"href":"https:\/\/tiaguiar.com\/index.php\/wp-json\/wp\/v2\/product\/885","targetHints":{"allow":["GET"]}}],"collection":[{"href":"https:\/\/tiaguiar.com\/index.php\/wp-json\/wp\/v2\/product"}],"about":[{"href":"https:\/\/tiaguiar.com\/index.php\/wp-json\/wp\/v2\/types\/product"}],"replies":[{"embeddable":true,"href":"https:\/\/tiaguiar.com\/index.php\/wp-json\/wp\/v2\/comments?post=885"}],"wp:featuredmedia":[{"embeddable":true,"href":"https:\/\/tiaguiar.com\/index.php\/wp-json\/wp\/v2\/media\/789"}],"wp:attachment":[{"href":"https:\/\/tiaguiar.com\/index.php\/wp-json\/wp\/v2\/media?parent=885"}],"wp:term":[{"taxonomy":"product_brand","embeddable":true,"href":"https:\/\/tiaguiar.com\/index.php\/wp-json\/wp\/v2\/product_brand?post=885"},{"taxonomy":"product_cat","embeddable":true,"href":"https:\/\/tiaguiar.com\/index.php\/wp-json\/wp\/v2\/product_cat?post=885"},{"taxonomy":"product_tag","embeddable":true,"href":"https:\/\/tiaguiar.com\/index.php\/wp-json\/wp\/v2\/product_tag?post=885"}],"curies":[{"name":"wp","href":"https:\/\/api.w.org\/{rel}","templated":true}]}}