{"id":869,"date":"2019-07-22T11:00:42","date_gmt":"2019-07-22T14:00:42","guid":{"rendered":"https:\/\/tiaguiar.com\/?post_type=product&#038;p=869"},"modified":"2024-11-11T09:32:37","modified_gmt":"2024-11-11T12:32:37","slug":"vasectomia-planejamento-familiar-2","status":"publish","type":"product","link":"https:\/\/tiaguiar.com\/index.php\/product\/vasectomia-planejamento-familiar-2\/","title":{"rendered":"Vasectomia: Planejamento Familiar"},"content":{"rendered":"\r\n<p>Voc\u00ea e sua esposa ou voc\u00ea e seu marido pensam em parar de ter filhos e cogitam uma vasectomia? Espero ajudar a tirar algumas d\u00favidas. Primeiramente \u00e9 importante dizer que a vasectomia \u00e9 considerada um m\u00e9todo definitivo para contracep\u00e7\u00e3o. Portanto, se voc\u00eas n\u00e3o est\u00e3o certos se querem algo definitivo \u00e9 melhor ponderarem outros m\u00e9todos dispon\u00edveis como: condom (camisinha), anticoncepcionais orais, injet\u00e1veis ou implantes e dispositivo intrauterino (DIU). A vasectomia \u00e9 superior a maioria dos m\u00e9todos contraceptivos, de tal forma que possui uma taxa de falha de aproximadamente de 1 em cada 2000.<\/p>\r\n\r\n\r\n\r\n<h2 class=\"wp-block-heading\">A Vasectomia<\/h2>\r\n\r\n\r\n\r\n<p>O procedimento geralmente \u00e9 realizado em regime ambulatorial, sob anestesia local. Desta maneira, o homem sentir\u00e1 o urologista examinar a regi\u00e3o e depois receber\u00e1 a inje\u00e7\u00e3o de um anest\u00e9sico no local da cirurgia. No procedimento, \u00e9 retirado um fragmento de cada deferente, isto \u00e9, o canal que transporta os espermatoz\u00f3ides, e as pontas s\u00e3o amarradas. Em princ\u00edpio, cirurgia \u00e9 feita em menos de 30 minutos.<\/p>\r\n\r\n\r\n\r\n<figure class=\"wp-block-image\"><img decoding=\"async\" src=\"http:\/\/tiaguiar.com\/wp-content\/uploads\/2019\/06\/vasectomia.jpg\" alt=\"Vasectomia\" class=\"wp-image-144 aligncenter\" \/><\/figure>\r\n\r\n\r\n\r\n<h2 class=\"wp-block-heading\">O p\u00f3s-operat\u00f3rio<\/h2>\r\n\r\n\r\n\r\n<p>No per\u00edodo p\u00f3s-operat\u00f3rio \u00e9 recomendado repouso por 4-5 dias, assim como uso de analg\u00e9sicos e coloca\u00e7\u00e3o de gelo no local. Nesse per\u00edodo tamb\u00e9m \u00e9 orientada a abstin\u00eancia sexual. Complica\u00e7\u00f5es como hematomas e infec\u00e7\u00f5es ocorrem em 1-2% dos casos. Pode ocorrer tamb\u00e9m dor cr\u00f4nica nos test\u00edculos em 1-2% das vezes.<\/p>\r\n\r\n\r\n\r\n<p>Tr\u00eas meses ap\u00f3s a vasectomia, \u00e9 realizado um espermograma, para confirmar que n\u00e3o h\u00e1 mais espermatoz\u00f3ides no ejaculado. Havendo essa confirma\u00e7\u00e3o, considera-se que a contracep\u00e7\u00e3o est\u00e1 efetiva. Apenas 10-15% do volume que \u00e9 ejaculado \u00e9 diminu\u00eddo ap\u00f3s o procedimento, o que \u00e9 praticamente impercept\u00edvel. Lembro tamb\u00e9m que a vasectomia n\u00e3o implica em nenhuma altera\u00e7\u00e3o na fun\u00e7\u00e3o sexual, ere\u00e7\u00f5es, orgasmo ou libido.<\/p>\r\n\r\n\r\n\r\n<p>Com o prop\u00f3sito de melhor atender os nossos pacientes, temos salas para exames e pequenas cirurgias no pr\u00f3prio Instituto. Assim realizamos a vasectomia no pr\u00f3prio <a href=\"https:\/\/tiaguiar.com\/index.php\/iup\/\">IUP<\/a>.<\/p>\r\n\r\n\r\n\r\n<p>Caso ainda tenha d\u00favidas, entre em <a href=\"https:\/\/tiaguiar.com\/index.php\/contato\/\">contato comigo<\/a> ou procure seu urologista no Instituto de Urologia de Piracicaba.<\/p>\r\n<h2>CONV\u00caNIOS ATENDIDOS<\/h2>\r\n<p>O IUP realiza atendimento dos conv\u00eanios: Assefaz, Bradesco, Cabesp, Cassi, Cesp, Intermedici, Santa Casa, Sulam\u00e9rica e Unimed. Tamb\u00e9m nos dedicamos a consultas e procedimentos particulares.<\/p>\r\n<figure class=\"wp-block-image\"><img decoding=\"async\" src=\"https:\/\/tiaguiar.com\/wp-content\/uploads\/2019\/06\/Captura-de-Tela-2019-06-29-a%CC%80s-23.15.10-1024x241.png\" alt=\"contato - conv\u00eanios\" class=\"wp-image-269\" srcset=\"https:\/\/tiaguiar.com\/wp-content\/uploads\/2019\/06\/Captura-de-Tela-2019-06-29-a\u0300s-23.15.10-1024x241.png 1024w, https:\/\/tiaguiar.com\/wp-content\/uploads\/2019\/06\/Captura-de-Tela-2019-06-29-a\u0300s-23.15.10-600x141.png 600w, https:\/\/tiaguiar.com\/wp-content\/uploads\/2019\/06\/Captura-de-Tela-2019-06-29-a\u0300s-23.15.10-300x70.png 300w, https:\/\/tiaguiar.com\/wp-content\/uploads\/2019\/06\/Captura-de-Tela-2019-06-29-a\u0300s-23.15.10-768x180.png 768w\" sizes=\"(max-width: 1024px) 100vw, 1024px\" \/><\/figure>\r\n\r\n\r\n\r\n<div class=\"wp-block-image\">\r\n<figure class=\"aligncenter is-resized\"><a href=\"https:\/\/iup.com.br\"><img loading=\"lazy\" decoding=\"async\" src=\"https:\/\/tiaguiar.com\/wp-content\/uploads\/2019\/06\/iup1.png\" alt=\"IUP\" class=\"wp-image-181 aligncenter\" width=\"114\" height=\"114\" srcset=\"https:\/\/tiaguiar.com\/wp-content\/uploads\/2019\/06\/iup1.png 200w, https:\/\/tiaguiar.com\/wp-content\/uploads\/2019\/06\/iup1-160x160.png 160w, https:\/\/tiaguiar.com\/wp-content\/uploads\/2019\/06\/iup1-150x150.png 150w, https:\/\/tiaguiar.com\/wp-content\/uploads\/2019\/06\/iup1-100x100.png 100w\" sizes=\"auto, (max-width: 114px) 100vw, 114px\" \/><\/a><\/figure>\r\n<\/div>\r\n","protected":false},"excerpt":{"rendered":"<p>A vasectomia, desde que se reflita bem sobre o car\u00e1ter definitivo do procedimento, \u00e9 uma excelente op\u00e7\u00e3o para o planejamento familiar.<\/p>\n","protected":false},"featured_media":0,"comment_status":"open","ping_status":"closed","template":"","meta":{"content-type":"","_monsterinsights_skip_tracking":false,"_monsterinsights_sitenote_active":false,"_monsterinsights_sitenote_note":"","_monsterinsights_sitenote_category":0,"_themeisle_gutenberg_block_has_review":false},"product_brand":[],"product_cat":[125,121,120],"product_tag":[129,127,128,130,115,114,126],"class_list":{"0":"post-869","1":"product","2":"type-product","3":"status-publish","5":"product_cat-andrologia","6":"product_cat-convenio","7":"product_cat-particular","8":"product_tag-esterelizacao","9":"product_tag-nao-ter-filhos","10":"product_tag-nao-ter-mais-filhos","11":"product_tag-planejamento-familiar","12":"product_tag-urologia","13":"product_tag-urologista","14":"product_tag-vasectomia","16":"first","17":"instock","18":"taxable","19":"shipping-taxable","20":"product-type-external"},"yoast_head":"<!-- This site is optimized with the Yoast SEO plugin v27.4 - https:\/\/yoast.com\/product\/yoast-seo-wordpress\/ -->\n<title>Vasectomia: Planejamento Familiar - Urologista - Dr. Tiago Aguiar<\/title>\n<meta name=\"description\" content=\"A vasectomia \u00e9 considerada um m\u00e9todo definitivo para contracep\u00e7\u00e3o.O procedimento geralmente \u00e9 realizado em regime ambulatorial, sob anestesia local.\" \/>\n<meta name=\"robots\" content=\"index, follow, max-snippet:-1, max-image-preview:large, max-video-preview:-1\" \/>\n<link rel=\"canonical\" href=\"https:\/\/tiaguiar.com\/index.php\/product\/vasectomia-planejamento-familiar-2\/\" \/>\n<meta property=\"og:locale\" content=\"pt_BR\" \/>\n<meta property=\"og:type\" content=\"article\" \/>\n<meta property=\"og:title\" content=\"Vasectomia: Planejamento Familiar - Urologista - Dr. Tiago Aguiar\" \/>\n<meta property=\"og:description\" content=\"A vasectomia \u00e9 considerada um m\u00e9todo definitivo para contracep\u00e7\u00e3o.O procedimento geralmente \u00e9 realizado em regime ambulatorial, sob anestesia local.\" \/>\n<meta property=\"og:url\" content=\"https:\/\/tiaguiar.com\/index.php\/product\/vasectomia-planejamento-familiar-2\/\" \/>\n<meta property=\"og:site_name\" content=\"Urologista - Dr. Tiago Aguiar\" \/>\n<meta property=\"article:publisher\" content=\"https:\/\/www.facebook.com\/dr.tiagoaguiar\" \/>\n<meta property=\"article:modified_time\" content=\"2024-11-11T12:32:37+00:00\" \/>\n<meta property=\"og:image\" content=\"https:\/\/tiaguiar.com\/wp-content\/uploads\/2019\/07\/vasectomia-e1563802075951.jpg\" \/>\n\t<meta property=\"og:image:width\" content=\"337\" \/>\n\t<meta property=\"og:image:height\" content=\"238\" \/>\n\t<meta property=\"og:image:type\" content=\"image\/jpeg\" \/>\n<meta name=\"twitter:card\" content=\"summary_large_image\" \/>\n<meta name=\"twitter:label1\" content=\"Est. tempo de leitura\" \/>\n\t<meta name=\"twitter:data1\" content=\"2 minutos\" \/>\n<script type=\"application\/ld+json\" class=\"yoast-schema-graph\">{\"@context\":\"https:\\\/\\\/schema.org\",\"@graph\":[{\"@type\":\"WebPage\",\"@id\":\"https:\\\/\\\/tiaguiar.com\\\/index.php\\\/product\\\/vasectomia-planejamento-familiar-2\\\/\",\"url\":\"https:\\\/\\\/tiaguiar.com\\\/index.php\\\/product\\\/vasectomia-planejamento-familiar-2\\\/\",\"name\":\"Vasectomia: Planejamento Familiar - Urologista - Dr. Tiago Aguiar\",\"isPartOf\":{\"@id\":\"https:\\\/\\\/tiaguiar.com\\\/#website\"},\"primaryImageOfPage\":{\"@id\":\"https:\\\/\\\/tiaguiar.com\\\/index.php\\\/product\\\/vasectomia-planejamento-familiar-2\\\/#primaryimage\"},\"image\":{\"@id\":\"https:\\\/\\\/tiaguiar.com\\\/index.php\\\/product\\\/vasectomia-planejamento-familiar-2\\\/#primaryimage\"},\"thumbnailUrl\":\"http:\\\/\\\/tiaguiar.com\\\/wp-content\\\/uploads\\\/2019\\\/06\\\/vasectomia.jpg\",\"datePublished\":\"2019-07-22T14:00:42+00:00\",\"dateModified\":\"2024-11-11T12:32:37+00:00\",\"description\":\"A vasectomia \u00e9 considerada um m\u00e9todo definitivo para contracep\u00e7\u00e3o.O procedimento geralmente \u00e9 realizado em regime ambulatorial, sob anestesia local.\",\"breadcrumb\":{\"@id\":\"https:\\\/\\\/tiaguiar.com\\\/index.php\\\/product\\\/vasectomia-planejamento-familiar-2\\\/#breadcrumb\"},\"inLanguage\":\"pt-BR\",\"potentialAction\":[{\"@type\":\"ReadAction\",\"target\":[\"https:\\\/\\\/tiaguiar.com\\\/index.php\\\/product\\\/vasectomia-planejamento-familiar-2\\\/\"]}]},{\"@type\":\"ImageObject\",\"inLanguage\":\"pt-BR\",\"@id\":\"https:\\\/\\\/tiaguiar.com\\\/index.php\\\/product\\\/vasectomia-planejamento-familiar-2\\\/#primaryimage\",\"url\":\"\",\"contentUrl\":\"\"},{\"@type\":\"BreadcrumbList\",\"@id\":\"https:\\\/\\\/tiaguiar.com\\\/index.php\\\/product\\\/vasectomia-planejamento-familiar-2\\\/#breadcrumb\",\"itemListElement\":[{\"@type\":\"ListItem\",\"position\":1,\"name\":\"In\u00edcio\",\"item\":\"https:\\\/\\\/tiaguiar.com\\\/\"},{\"@type\":\"ListItem\",\"position\":2,\"name\":\"Servi\u00e7os Urol\u00f3gicos &#8211; IUP\",\"item\":\"https:\\\/\\\/tiaguiar.com\\\/index.php\\\/servicos\\\/\"},{\"@type\":\"ListItem\",\"position\":3,\"name\":\"Vasectomia: Planejamento Familiar\"}]},{\"@type\":\"WebSite\",\"@id\":\"https:\\\/\\\/tiaguiar.com\\\/#website\",\"url\":\"https:\\\/\\\/tiaguiar.com\\\/\",\"name\":\"Urologista - Dr. Tiago Aguiar\",\"description\":\"Urologista Piracicaba\",\"publisher\":{\"@id\":\"https:\\\/\\\/tiaguiar.com\\\/#organization\"},\"potentialAction\":[{\"@type\":\"SearchAction\",\"target\":{\"@type\":\"EntryPoint\",\"urlTemplate\":\"https:\\\/\\\/tiaguiar.com\\\/?s={search_term_string}\"},\"query-input\":{\"@type\":\"PropertyValueSpecification\",\"valueRequired\":true,\"valueName\":\"search_term_string\"}}],\"inLanguage\":\"pt-BR\"},{\"@type\":\"Organization\",\"@id\":\"https:\\\/\\\/tiaguiar.com\\\/#organization\",\"name\":\"Dr. Tiago Aguiar\",\"url\":\"https:\\\/\\\/tiaguiar.com\\\/\",\"logo\":{\"@type\":\"ImageObject\",\"inLanguage\":\"pt-BR\",\"@id\":\"https:\\\/\\\/tiaguiar.com\\\/#\\\/schema\\\/logo\\\/image\\\/\",\"url\":\"https:\\\/\\\/tiaguiar.com\\\/wp-content\\\/uploads\\\/2019\\\/06\\\/Logo.png\",\"contentUrl\":\"https:\\\/\\\/tiaguiar.com\\\/wp-content\\\/uploads\\\/2019\\\/06\\\/Logo.png\",\"width\":832,\"height\":146,\"caption\":\"Dr. Tiago Aguiar\"},\"image\":{\"@id\":\"https:\\\/\\\/tiaguiar.com\\\/#\\\/schema\\\/logo\\\/image\\\/\"},\"sameAs\":[\"https:\\\/\\\/www.facebook.com\\\/dr.tiagoaguiar\",\"https:\\\/\\\/www.instagram.com\\\/dr.tiagoaguiar\\\/\",\"https:\\\/\\\/www.youtube.com\\\/channel\\\/UCeaku16SlKgJJbQfdv09x3w\"]}]}<\/script>\n<!-- \/ Yoast SEO plugin. -->","yoast_head_json":{"title":"Vasectomia: Planejamento Familiar - Urologista - Dr. Tiago Aguiar","description":"A vasectomia \u00e9 considerada um m\u00e9todo definitivo para contracep\u00e7\u00e3o.O procedimento geralmente \u00e9 realizado em regime ambulatorial, sob anestesia local.","robots":{"index":"index","follow":"follow","max-snippet":"max-snippet:-1","max-image-preview":"max-image-preview:large","max-video-preview":"max-video-preview:-1"},"canonical":"https:\/\/tiaguiar.com\/index.php\/product\/vasectomia-planejamento-familiar-2\/","og_locale":"pt_BR","og_type":"article","og_title":"Vasectomia: Planejamento Familiar - Urologista - Dr. Tiago Aguiar","og_description":"A vasectomia \u00e9 considerada um m\u00e9todo definitivo para contracep\u00e7\u00e3o.O procedimento geralmente \u00e9 realizado em regime ambulatorial, sob anestesia local.","og_url":"https:\/\/tiaguiar.com\/index.php\/product\/vasectomia-planejamento-familiar-2\/","og_site_name":"Urologista - Dr. Tiago Aguiar","article_publisher":"https:\/\/www.facebook.com\/dr.tiagoaguiar","article_modified_time":"2024-11-11T12:32:37+00:00","og_image":[{"width":337,"height":238,"url":"https:\/\/tiaguiar.com\/wp-content\/uploads\/2019\/07\/vasectomia-e1563802075951.jpg","type":"image\/jpeg"}],"twitter_card":"summary_large_image","twitter_misc":{"Est. tempo de leitura":"2 minutos"},"schema":{"@context":"https:\/\/schema.org","@graph":[{"@type":"WebPage","@id":"https:\/\/tiaguiar.com\/index.php\/product\/vasectomia-planejamento-familiar-2\/","url":"https:\/\/tiaguiar.com\/index.php\/product\/vasectomia-planejamento-familiar-2\/","name":"Vasectomia: Planejamento Familiar - Urologista - Dr. Tiago Aguiar","isPartOf":{"@id":"https:\/\/tiaguiar.com\/#website"},"primaryImageOfPage":{"@id":"https:\/\/tiaguiar.com\/index.php\/product\/vasectomia-planejamento-familiar-2\/#primaryimage"},"image":{"@id":"https:\/\/tiaguiar.com\/index.php\/product\/vasectomia-planejamento-familiar-2\/#primaryimage"},"thumbnailUrl":"http:\/\/tiaguiar.com\/wp-content\/uploads\/2019\/06\/vasectomia.jpg","datePublished":"2019-07-22T14:00:42+00:00","dateModified":"2024-11-11T12:32:37+00:00","description":"A vasectomia \u00e9 considerada um m\u00e9todo definitivo para contracep\u00e7\u00e3o.O procedimento geralmente \u00e9 realizado em regime ambulatorial, sob anestesia local.","breadcrumb":{"@id":"https:\/\/tiaguiar.com\/index.php\/product\/vasectomia-planejamento-familiar-2\/#breadcrumb"},"inLanguage":"pt-BR","potentialAction":[{"@type":"ReadAction","target":["https:\/\/tiaguiar.com\/index.php\/product\/vasectomia-planejamento-familiar-2\/"]}]},{"@type":"ImageObject","inLanguage":"pt-BR","@id":"https:\/\/tiaguiar.com\/index.php\/product\/vasectomia-planejamento-familiar-2\/#primaryimage","url":"","contentUrl":""},{"@type":"BreadcrumbList","@id":"https:\/\/tiaguiar.com\/index.php\/product\/vasectomia-planejamento-familiar-2\/#breadcrumb","itemListElement":[{"@type":"ListItem","position":1,"name":"In\u00edcio","item":"https:\/\/tiaguiar.com\/"},{"@type":"ListItem","position":2,"name":"Servi\u00e7os Urol\u00f3gicos &#8211; IUP","item":"https:\/\/tiaguiar.com\/index.php\/servicos\/"},{"@type":"ListItem","position":3,"name":"Vasectomia: Planejamento Familiar"}]},{"@type":"WebSite","@id":"https:\/\/tiaguiar.com\/#website","url":"https:\/\/tiaguiar.com\/","name":"Urologista - Dr. Tiago Aguiar","description":"Urologista Piracicaba","publisher":{"@id":"https:\/\/tiaguiar.com\/#organization"},"potentialAction":[{"@type":"SearchAction","target":{"@type":"EntryPoint","urlTemplate":"https:\/\/tiaguiar.com\/?s={search_term_string}"},"query-input":{"@type":"PropertyValueSpecification","valueRequired":true,"valueName":"search_term_string"}}],"inLanguage":"pt-BR"},{"@type":"Organization","@id":"https:\/\/tiaguiar.com\/#organization","name":"Dr. Tiago Aguiar","url":"https:\/\/tiaguiar.com\/","logo":{"@type":"ImageObject","inLanguage":"pt-BR","@id":"https:\/\/tiaguiar.com\/#\/schema\/logo\/image\/","url":"https:\/\/tiaguiar.com\/wp-content\/uploads\/2019\/06\/Logo.png","contentUrl":"https:\/\/tiaguiar.com\/wp-content\/uploads\/2019\/06\/Logo.png","width":832,"height":146,"caption":"Dr. Tiago Aguiar"},"image":{"@id":"https:\/\/tiaguiar.com\/#\/schema\/logo\/image\/"},"sameAs":["https:\/\/www.facebook.com\/dr.tiagoaguiar","https:\/\/www.instagram.com\/dr.tiagoaguiar\/","https:\/\/www.youtube.com\/channel\/UCeaku16SlKgJJbQfdv09x3w"]}]}},"_links":{"self":[{"href":"https:\/\/tiaguiar.com\/index.php\/wp-json\/wp\/v2\/product\/869","targetHints":{"allow":["GET"]}}],"collection":[{"href":"https:\/\/tiaguiar.com\/index.php\/wp-json\/wp\/v2\/product"}],"about":[{"href":"https:\/\/tiaguiar.com\/index.php\/wp-json\/wp\/v2\/types\/product"}],"replies":[{"embeddable":true,"href":"https:\/\/tiaguiar.com\/index.php\/wp-json\/wp\/v2\/comments?post=869"}],"wp:attachment":[{"href":"https:\/\/tiaguiar.com\/index.php\/wp-json\/wp\/v2\/media?parent=869"}],"wp:term":[{"taxonomy":"product_brand","embeddable":true,"href":"https:\/\/tiaguiar.com\/index.php\/wp-json\/wp\/v2\/product_brand?post=869"},{"taxonomy":"product_cat","embeddable":true,"href":"https:\/\/tiaguiar.com\/index.php\/wp-json\/wp\/v2\/product_cat?post=869"},{"taxonomy":"product_tag","embeddable":true,"href":"https:\/\/tiaguiar.com\/index.php\/wp-json\/wp\/v2\/product_tag?post=869"}],"curies":[{"name":"wp","href":"https:\/\/api.w.org\/{rel}","templated":true}]}}