{"id":858,"date":"2019-07-22T09:23:17","date_gmt":"2019-07-22T12:23:17","guid":{"rendered":"https:\/\/tiaguiar.com\/?post_type=product&#038;p=858"},"modified":"2025-04-12T09:59:14","modified_gmt":"2025-04-12T12:59:14","slug":"leco-litotripsia-extracorporea-convenio","status":"publish","type":"product","link":"https:\/\/tiaguiar.com\/index.php\/product\/leco-litotripsia-extracorporea-convenio\/","title":{"rendered":"LECO: Litotripsia Extracorp\u00f3rea"},"content":{"rendered":"<p>Conhecida como LECO, a Litotripsia Extracorp\u00f3rea por Ondas de Choque \u00e9 um m\u00e9todo n\u00e3o invasivo para tratamento de c\u00e1lculos renais e ureterais. Por sua efici\u00eancia e, sobretudo, por ser um m\u00e9todo ambulatorial de tratamento de c\u00e1lculos, ela \u00e9 muitas vezes a primeira op\u00e7\u00e3o para fragmentar pedras nos rins.<\/p>\n<p><img loading=\"lazy\" decoding=\"async\" src=\"https:\/\/tiaguiar.com\/wp-content\/uploads\/2019\/07\/leco3-300x200.jpg\" alt=\"leco\" width=\"300\" height=\"200\" class=\"size-medium wp-image-843 aligncenter\" \/><\/p>\n<h2>Como a LECO funciona?<\/h2>\n<p>Com a finalidade de fragmentar os c\u00e1lculos em peda\u00e7os menores, o aparelho de litotripsia extracorp\u00f3rea emite uma onda de choque. Primeiramente o m\u00e9dico assistente localiza o c\u00e1lculo. Para isso vale-se, por exemplo, de Rx ou ultrassonografia. Assim que a localiza\u00e7\u00e3o for acertada, inicia-se a emiss\u00e3o das ondas de choque. Elas atravessam desde a pele do paciente e tem como foco a pedra. Existem certamente, v\u00e1rios protocolos para realizar a litotripsia. Todavia o objetivo sempre \u00e9 proporcionar ondas de choque em n\u00famero e intensidade para fragmenta\u00e7\u00e3o do c\u00e1lculo.<\/p>\n<p><img loading=\"lazy\" decoding=\"async\" src=\"https:\/\/tiaguiar.com\/wp-content\/uploads\/2019\/07\/LECO1-300x147.jpg\" alt=\"leco\" width=\"300\" height=\"147\" class=\"size-medium wp-image-841 aligncenter\" \/><\/p>\n<p>&nbsp;<\/p>\n<h2>Como \u00e9 a LECO para o paciente?<\/h2>\n<p>O paciente, enquanto \u00e9 submetido a Litotripsia Extracorp\u00f3rea, fica deitado. Sua posi\u00e7\u00e3o pode ser de barriga para cima ou para baixo, a depender da localiza\u00e7\u00e3o da pedra. O prop\u00f3sito de transmitir a maior quantidade de energia no foco, ou seja, a pedra, para que ocorra a fragmenta\u00e7\u00e3o. \u00c9 prov\u00e1vel que a o paciente sinta um desconforto com as &#8220;batidas&#8221; recebidas. Contudo a maioria dos paciente tolera bem e \u00e9 feita, caso necess\u00e1ria, analgesia.<\/p>\n<p><img loading=\"lazy\" decoding=\"async\" src=\"https:\/\/tiaguiar.com\/wp-content\/uploads\/2019\/07\/leco6.jpg\" alt=\"\" width=\"263\" height=\"230\" class=\"size-full wp-image-844 aligncenter\" \/><\/p>\n<h2>Quais fatores interferam na efetividade da LECO?<\/h2>\n<p>Em princ\u00edpio os fatores mais importantes para o sucesso da Litotripsia s\u00e3o:\u00a0 a dureza da pedra, seu tamanho e a dist\u00e2ncia em que ela se encontra da pele. Portanto, c\u00e1lculos mais duros, pedras grandes e procedimentos em pacientes obesos tem menor chance de sucesso. Ademais, fatores t\u00e9cnicos tamb\u00e9m podem influenciar, como por exemplo: posicionamento adequado, localiza\u00e7\u00e3o precisa do c\u00e1lculo, com acoplamento do paciente \u00e0 &#8220;bolha&#8221; que emite as ondas de choque e imobiliza\u00e7\u00e3o durante o procedimento.<\/p>\n<h2>Quais s\u00e3o as contraindica\u00e7\u00f5es \u00e0 Litotripsia Extracorp\u00f3rea?<\/h2>\n<p>Em s\u00edntese, as principais contraindica\u00e7\u00f5es s\u00e3o:\u00a0 pacientes com infec\u00e7\u00e3o urin\u00e1ria e\u00a0 pacientes gestantes. Tamb\u00e9m n\u00e3o podem ser submetidos a LECO, pacientes em uso de anticoagulantes ou antiagregantes plaquet\u00e1rios e pacientes com aneurisma de aorta abdominal. As medica\u00e7\u00f5es supracitadas, se puderem ser suspensas por um per\u00edodo, habilitam os pacientes a realizarem os procedimentos.<\/p>\n<p>Em conclus\u00e3o, consulte seu <a href=\"https:\/\/tiaguiar.com\/index.php\/urologista\/\">urologista no IUP<\/a> e veja se e LECO pode ser uma op\u00e7\u00e3o para o <a href=\"https:\/\/tiaguiar.com\/index.php\/2019\/06\/25\/como-e-o-tratamento-nao-invasivo-dos-calculos-renais-e-ureterais\/\">tratamento de seu c\u00e1lculo.<\/a> Por \u00faltimo, ressalto que a LECO pode ser realizada em situa\u00e7\u00f5es de urg\u00eancia. Muita vezes portanto,\u00a0 ela evita um procedimento cir\u00fargico. Lembro que no <a href=\"https:\/\/tiaguiar.com\/index.php\/iup\/\">IUP<\/a> sempre temos um urologista de plant\u00e3o. Assim,\u00a0 muitas vezes ele pode tratar um c\u00e1lculo ureteral ou renal no mesmo dia do atendimento.<\/p>\n<h2>CONV\u00caNIOS ATENDIDOS<\/h2>\n<p>O IUP realiza atendimento dos conv\u00eanios: Assefaz, Bradesco, Cabesp, Cassi, Cesp, Intermedici, Santa Casa, Sulam\u00e9rica e Unimed. Tamb\u00e9m nos dedicamos a consultas e procedimentos particulares.<\/p>\n<figure class=\"wp-block-image\"><img decoding=\"async\" src=\"https:\/\/tiaguiar.com\/wp-content\/uploads\/2019\/06\/Captura-de-Tela-2019-06-29-a%CC%80s-23.15.10-1024x241.png\" alt=\"contato - conv\u00eanios\" class=\"wp-image-269\" srcset=\"https:\/\/tiaguiar.com\/wp-content\/uploads\/2019\/06\/Captura-de-Tela-2019-06-29-a\u0300s-23.15.10-1024x241.png 1024w, https:\/\/tiaguiar.com\/wp-content\/uploads\/2019\/06\/Captura-de-Tela-2019-06-29-a\u0300s-23.15.10-600x141.png 600w, https:\/\/tiaguiar.com\/wp-content\/uploads\/2019\/06\/Captura-de-Tela-2019-06-29-a\u0300s-23.15.10-300x70.png 300w, https:\/\/tiaguiar.com\/wp-content\/uploads\/2019\/06\/Captura-de-Tela-2019-06-29-a\u0300s-23.15.10-768x180.png 768w\" sizes=\"(max-width: 1024px) 100vw, 1024px\" \/><\/figure>\n<p><a href=\"https:\/\/iup.com.br\"><img loading=\"lazy\" decoding=\"async\" src=\"https:\/\/tiaguiar.com\/wp-content\/uploads\/2019\/06\/iup1.png\" alt=\"iup\" width=\"113\" height=\"113\" class=\" wp-image-181 aligncenter\" srcset=\"https:\/\/tiaguiar.com\/wp-content\/uploads\/2019\/06\/iup1.png 200w, https:\/\/tiaguiar.com\/wp-content\/uploads\/2019\/06\/iup1-160x160.png 160w, https:\/\/tiaguiar.com\/wp-content\/uploads\/2019\/06\/iup1-150x150.png 150w, https:\/\/tiaguiar.com\/wp-content\/uploads\/2019\/06\/iup1-100x100.png 100w\" sizes=\"auto, (max-width: 113px) 100vw, 113px\" \/><\/a><\/p>\n<p>&nbsp;<\/p>\n<p>&nbsp;<\/p>\n","protected":false},"excerpt":{"rendered":"<p>A Litotripsia Extracorp\u00f3rea por Ondas de Choque \u00e9 um m\u00e9todo n\u00e3o invasivo para tratamento de c\u00e1lculos renais e ureterais.<\/p>\n","protected":false},"featured_media":0,"comment_status":"open","ping_status":"closed","template":"","meta":{"content-type":"","_monsterinsights_skip_tracking":false,"_monsterinsights_sitenote_active":false,"_monsterinsights_sitenote_note":"","_monsterinsights_sitenote_category":0,"_themeisle_gutenberg_block_has_review":false},"product_brand":[],"product_cat":[119,121,120],"product_tag":[111,113,118,110,112,117,116,115,114],"class_list":{"0":"post-858","1":"product","2":"type-product","3":"status-publish","5":"product_cat-calculos","6":"product_cat-convenio","7":"product_cat-particular","8":"product_tag-calculo","9":"product_tag-calculo-renal","10":"product_tag-laser","11":"product_tag-leco","12":"product_tag-pedra-do-rim","13":"product_tag-quebrar-calculo","14":"product_tag-quebrar-pedra","15":"product_tag-urologia","16":"product_tag-urologista","18":"first","19":"instock","20":"taxable","21":"shipping-taxable","22":"product-type-external"},"yoast_head":"<!-- This site is optimized with the Yoast SEO plugin v27.4 - https:\/\/yoast.com\/product\/yoast-seo-wordpress\/ -->\n<title>LECO: Litotripsia Extracorp\u00f3rea - Urologista - Dr. Tiago Aguiar<\/title>\n<meta name=\"description\" content=\"Conhecida como LECO, a Litotripsia Extracorp\u00f3rea por Ondas de Choque \u00e9 um m\u00e9todo n\u00e3o invasivo para tratamento de c\u00e1lculos renais.\" \/>\n<meta name=\"robots\" content=\"index, follow, max-snippet:-1, max-image-preview:large, max-video-preview:-1\" \/>\n<link rel=\"canonical\" href=\"https:\/\/tiaguiar.com\/index.php\/product\/leco-litotripsia-extracorporea-convenio\/\" \/>\n<meta property=\"og:locale\" content=\"pt_BR\" \/>\n<meta property=\"og:type\" content=\"article\" \/>\n<meta property=\"og:title\" content=\"LECO: Litotripsia Extracorp\u00f3rea - Urologista - Dr. Tiago Aguiar\" \/>\n<meta property=\"og:description\" content=\"Conhecida como LECO, a Litotripsia Extracorp\u00f3rea por Ondas de Choque \u00e9 um m\u00e9todo n\u00e3o invasivo para tratamento de c\u00e1lculos renais.\" \/>\n<meta property=\"og:url\" content=\"https:\/\/tiaguiar.com\/index.php\/product\/leco-litotripsia-extracorporea-convenio\/\" \/>\n<meta property=\"og:site_name\" content=\"Urologista - Dr. Tiago Aguiar\" \/>\n<meta property=\"article:publisher\" content=\"https:\/\/www.facebook.com\/dr.tiagoaguiar\" \/>\n<meta property=\"article:modified_time\" content=\"2025-04-12T12:59:14+00:00\" \/>\n<meta property=\"og:image\" content=\"https:\/\/tiaguiar.com\/wp-content\/uploads\/2019\/07\/leco4.jpg\" \/>\n\t<meta property=\"og:image:width\" content=\"300\" \/>\n\t<meta property=\"og:image:height\" content=\"230\" \/>\n\t<meta property=\"og:image:type\" content=\"image\/jpeg\" \/>\n<meta name=\"twitter:card\" content=\"summary_large_image\" \/>\n<meta name=\"twitter:label1\" content=\"Est. tempo de leitura\" \/>\n\t<meta name=\"twitter:data1\" content=\"3 minutos\" \/>\n<script type=\"application\/ld+json\" class=\"yoast-schema-graph\">{\"@context\":\"https:\\\/\\\/schema.org\",\"@graph\":[{\"@type\":\"WebPage\",\"@id\":\"https:\\\/\\\/tiaguiar.com\\\/index.php\\\/product\\\/leco-litotripsia-extracorporea-convenio\\\/\",\"url\":\"https:\\\/\\\/tiaguiar.com\\\/index.php\\\/product\\\/leco-litotripsia-extracorporea-convenio\\\/\",\"name\":\"LECO: Litotripsia Extracorp\u00f3rea - Urologista - Dr. Tiago Aguiar\",\"isPartOf\":{\"@id\":\"https:\\\/\\\/tiaguiar.com\\\/#website\"},\"primaryImageOfPage\":{\"@id\":\"https:\\\/\\\/tiaguiar.com\\\/index.php\\\/product\\\/leco-litotripsia-extracorporea-convenio\\\/#primaryimage\"},\"image\":{\"@id\":\"https:\\\/\\\/tiaguiar.com\\\/index.php\\\/product\\\/leco-litotripsia-extracorporea-convenio\\\/#primaryimage\"},\"thumbnailUrl\":\"https:\\\/\\\/tiaguiar.com\\\/wp-content\\\/uploads\\\/2019\\\/07\\\/leco3-300x200.jpg\",\"datePublished\":\"2019-07-22T12:23:17+00:00\",\"dateModified\":\"2025-04-12T12:59:14+00:00\",\"description\":\"Conhecida como LECO, a Litotripsia Extracorp\u00f3rea por Ondas de Choque \u00e9 um m\u00e9todo n\u00e3o invasivo para tratamento de c\u00e1lculos renais.\",\"breadcrumb\":{\"@id\":\"https:\\\/\\\/tiaguiar.com\\\/index.php\\\/product\\\/leco-litotripsia-extracorporea-convenio\\\/#breadcrumb\"},\"inLanguage\":\"pt-BR\",\"potentialAction\":[{\"@type\":\"ReadAction\",\"target\":[\"https:\\\/\\\/tiaguiar.com\\\/index.php\\\/product\\\/leco-litotripsia-extracorporea-convenio\\\/\"]}]},{\"@type\":\"ImageObject\",\"inLanguage\":\"pt-BR\",\"@id\":\"https:\\\/\\\/tiaguiar.com\\\/index.php\\\/product\\\/leco-litotripsia-extracorporea-convenio\\\/#primaryimage\",\"url\":\"\",\"contentUrl\":\"\"},{\"@type\":\"BreadcrumbList\",\"@id\":\"https:\\\/\\\/tiaguiar.com\\\/index.php\\\/product\\\/leco-litotripsia-extracorporea-convenio\\\/#breadcrumb\",\"itemListElement\":[{\"@type\":\"ListItem\",\"position\":1,\"name\":\"In\u00edcio\",\"item\":\"https:\\\/\\\/tiaguiar.com\\\/\"},{\"@type\":\"ListItem\",\"position\":2,\"name\":\"Servi\u00e7os Urol\u00f3gicos &#8211; IUP\",\"item\":\"https:\\\/\\\/tiaguiar.com\\\/index.php\\\/servicos\\\/\"},{\"@type\":\"ListItem\",\"position\":3,\"name\":\"LECO: Litotripsia Extracorp\u00f3rea\"}]},{\"@type\":\"WebSite\",\"@id\":\"https:\\\/\\\/tiaguiar.com\\\/#website\",\"url\":\"https:\\\/\\\/tiaguiar.com\\\/\",\"name\":\"Urologista - Dr. Tiago Aguiar\",\"description\":\"Urologista Piracicaba\",\"publisher\":{\"@id\":\"https:\\\/\\\/tiaguiar.com\\\/#organization\"},\"potentialAction\":[{\"@type\":\"SearchAction\",\"target\":{\"@type\":\"EntryPoint\",\"urlTemplate\":\"https:\\\/\\\/tiaguiar.com\\\/?s={search_term_string}\"},\"query-input\":{\"@type\":\"PropertyValueSpecification\",\"valueRequired\":true,\"valueName\":\"search_term_string\"}}],\"inLanguage\":\"pt-BR\"},{\"@type\":\"Organization\",\"@id\":\"https:\\\/\\\/tiaguiar.com\\\/#organization\",\"name\":\"Dr. Tiago Aguiar\",\"url\":\"https:\\\/\\\/tiaguiar.com\\\/\",\"logo\":{\"@type\":\"ImageObject\",\"inLanguage\":\"pt-BR\",\"@id\":\"https:\\\/\\\/tiaguiar.com\\\/#\\\/schema\\\/logo\\\/image\\\/\",\"url\":\"https:\\\/\\\/tiaguiar.com\\\/wp-content\\\/uploads\\\/2019\\\/06\\\/Logo.png\",\"contentUrl\":\"https:\\\/\\\/tiaguiar.com\\\/wp-content\\\/uploads\\\/2019\\\/06\\\/Logo.png\",\"width\":832,\"height\":146,\"caption\":\"Dr. Tiago Aguiar\"},\"image\":{\"@id\":\"https:\\\/\\\/tiaguiar.com\\\/#\\\/schema\\\/logo\\\/image\\\/\"},\"sameAs\":[\"https:\\\/\\\/www.facebook.com\\\/dr.tiagoaguiar\",\"https:\\\/\\\/www.instagram.com\\\/dr.tiagoaguiar\\\/\",\"https:\\\/\\\/www.youtube.com\\\/channel\\\/UCeaku16SlKgJJbQfdv09x3w\"]}]}<\/script>\n<!-- \/ Yoast SEO plugin. -->","yoast_head_json":{"title":"LECO: Litotripsia Extracorp\u00f3rea - Urologista - Dr. Tiago Aguiar","description":"Conhecida como LECO, a Litotripsia Extracorp\u00f3rea por Ondas de Choque \u00e9 um m\u00e9todo n\u00e3o invasivo para tratamento de c\u00e1lculos renais.","robots":{"index":"index","follow":"follow","max-snippet":"max-snippet:-1","max-image-preview":"max-image-preview:large","max-video-preview":"max-video-preview:-1"},"canonical":"https:\/\/tiaguiar.com\/index.php\/product\/leco-litotripsia-extracorporea-convenio\/","og_locale":"pt_BR","og_type":"article","og_title":"LECO: Litotripsia Extracorp\u00f3rea - Urologista - Dr. Tiago Aguiar","og_description":"Conhecida como LECO, a Litotripsia Extracorp\u00f3rea por Ondas de Choque \u00e9 um m\u00e9todo n\u00e3o invasivo para tratamento de c\u00e1lculos renais.","og_url":"https:\/\/tiaguiar.com\/index.php\/product\/leco-litotripsia-extracorporea-convenio\/","og_site_name":"Urologista - Dr. Tiago Aguiar","article_publisher":"https:\/\/www.facebook.com\/dr.tiagoaguiar","article_modified_time":"2025-04-12T12:59:14+00:00","og_image":[{"width":300,"height":230,"url":"https:\/\/tiaguiar.com\/wp-content\/uploads\/2019\/07\/leco4.jpg","type":"image\/jpeg"}],"twitter_card":"summary_large_image","twitter_misc":{"Est. tempo de leitura":"3 minutos"},"schema":{"@context":"https:\/\/schema.org","@graph":[{"@type":"WebPage","@id":"https:\/\/tiaguiar.com\/index.php\/product\/leco-litotripsia-extracorporea-convenio\/","url":"https:\/\/tiaguiar.com\/index.php\/product\/leco-litotripsia-extracorporea-convenio\/","name":"LECO: Litotripsia Extracorp\u00f3rea - Urologista - Dr. Tiago Aguiar","isPartOf":{"@id":"https:\/\/tiaguiar.com\/#website"},"primaryImageOfPage":{"@id":"https:\/\/tiaguiar.com\/index.php\/product\/leco-litotripsia-extracorporea-convenio\/#primaryimage"},"image":{"@id":"https:\/\/tiaguiar.com\/index.php\/product\/leco-litotripsia-extracorporea-convenio\/#primaryimage"},"thumbnailUrl":"https:\/\/tiaguiar.com\/wp-content\/uploads\/2019\/07\/leco3-300x200.jpg","datePublished":"2019-07-22T12:23:17+00:00","dateModified":"2025-04-12T12:59:14+00:00","description":"Conhecida como LECO, a Litotripsia Extracorp\u00f3rea por Ondas de Choque \u00e9 um m\u00e9todo n\u00e3o invasivo para tratamento de c\u00e1lculos renais.","breadcrumb":{"@id":"https:\/\/tiaguiar.com\/index.php\/product\/leco-litotripsia-extracorporea-convenio\/#breadcrumb"},"inLanguage":"pt-BR","potentialAction":[{"@type":"ReadAction","target":["https:\/\/tiaguiar.com\/index.php\/product\/leco-litotripsia-extracorporea-convenio\/"]}]},{"@type":"ImageObject","inLanguage":"pt-BR","@id":"https:\/\/tiaguiar.com\/index.php\/product\/leco-litotripsia-extracorporea-convenio\/#primaryimage","url":"","contentUrl":""},{"@type":"BreadcrumbList","@id":"https:\/\/tiaguiar.com\/index.php\/product\/leco-litotripsia-extracorporea-convenio\/#breadcrumb","itemListElement":[{"@type":"ListItem","position":1,"name":"In\u00edcio","item":"https:\/\/tiaguiar.com\/"},{"@type":"ListItem","position":2,"name":"Servi\u00e7os Urol\u00f3gicos &#8211; IUP","item":"https:\/\/tiaguiar.com\/index.php\/servicos\/"},{"@type":"ListItem","position":3,"name":"LECO: Litotripsia Extracorp\u00f3rea"}]},{"@type":"WebSite","@id":"https:\/\/tiaguiar.com\/#website","url":"https:\/\/tiaguiar.com\/","name":"Urologista - Dr. Tiago Aguiar","description":"Urologista Piracicaba","publisher":{"@id":"https:\/\/tiaguiar.com\/#organization"},"potentialAction":[{"@type":"SearchAction","target":{"@type":"EntryPoint","urlTemplate":"https:\/\/tiaguiar.com\/?s={search_term_string}"},"query-input":{"@type":"PropertyValueSpecification","valueRequired":true,"valueName":"search_term_string"}}],"inLanguage":"pt-BR"},{"@type":"Organization","@id":"https:\/\/tiaguiar.com\/#organization","name":"Dr. Tiago Aguiar","url":"https:\/\/tiaguiar.com\/","logo":{"@type":"ImageObject","inLanguage":"pt-BR","@id":"https:\/\/tiaguiar.com\/#\/schema\/logo\/image\/","url":"https:\/\/tiaguiar.com\/wp-content\/uploads\/2019\/06\/Logo.png","contentUrl":"https:\/\/tiaguiar.com\/wp-content\/uploads\/2019\/06\/Logo.png","width":832,"height":146,"caption":"Dr. Tiago Aguiar"},"image":{"@id":"https:\/\/tiaguiar.com\/#\/schema\/logo\/image\/"},"sameAs":["https:\/\/www.facebook.com\/dr.tiagoaguiar","https:\/\/www.instagram.com\/dr.tiagoaguiar\/","https:\/\/www.youtube.com\/channel\/UCeaku16SlKgJJbQfdv09x3w"]}]}},"_links":{"self":[{"href":"https:\/\/tiaguiar.com\/index.php\/wp-json\/wp\/v2\/product\/858","targetHints":{"allow":["GET"]}}],"collection":[{"href":"https:\/\/tiaguiar.com\/index.php\/wp-json\/wp\/v2\/product"}],"about":[{"href":"https:\/\/tiaguiar.com\/index.php\/wp-json\/wp\/v2\/types\/product"}],"replies":[{"embeddable":true,"href":"https:\/\/tiaguiar.com\/index.php\/wp-json\/wp\/v2\/comments?post=858"}],"wp:attachment":[{"href":"https:\/\/tiaguiar.com\/index.php\/wp-json\/wp\/v2\/media?parent=858"}],"wp:term":[{"taxonomy":"product_brand","embeddable":true,"href":"https:\/\/tiaguiar.com\/index.php\/wp-json\/wp\/v2\/product_brand?post=858"},{"taxonomy":"product_cat","embeddable":true,"href":"https:\/\/tiaguiar.com\/index.php\/wp-json\/wp\/v2\/product_cat?post=858"},{"taxonomy":"product_tag","embeddable":true,"href":"https:\/\/tiaguiar.com\/index.php\/wp-json\/wp\/v2\/product_tag?post=858"}],"curies":[{"name":"wp","href":"https:\/\/api.w.org\/{rel}","templated":true}]}}