{"id":790,"date":"2019-07-21T15:56:54","date_gmt":"2019-07-21T18:56:54","guid":{"rendered":"https:\/\/tiaguiar.com\/?post_type=product&#038;p=790"},"modified":"2023-05-03T17:54:20","modified_gmt":"2023-05-03T20:54:20","slug":"incontinencia-urinaria-emsella","status":"publish","type":"product","link":"https:\/\/tiaguiar.com\/index.php\/product\/incontinencia-urinaria-emsella\/","title":{"rendered":"Incontin\u00eancia Urin\u00e1ria: Emsella"},"content":{"rendered":"<h2>EmSella &#8211; Tratamento da Incontin\u00eancia Urin\u00e1ria<\/h2>\n<p><img loading=\"lazy\" decoding=\"async\" src=\"https:\/\/tiaguiar.com\/wp-content\/uploads\/2019\/07\/Imagem2-300x219.jpg\" alt=\"incontin\u00eancia\" width=\"300\" height=\"219\" class=\"size-medium wp-image-791 aligncenter\" \/><\/p>\n<p><span>Uma novidade no tratamento da incontin\u00eancia urin\u00e1ria. Emsella \u00e9 um equipamento que conta com a tecnologia HIFEM e assim cria um forte campo magn\u00e9tico. Desse modo h\u00e1 contra\u00e7\u00e3o da musculatura e restaura\u00e7\u00e3o neuromuscular do assoalho p\u00e9lvico. Ao se comparar a Emsella com a fisioterapia, o grande diferencial, \u00e9 que, enquanto na \u00faltima \u00e9 poss\u00edvel trabalhar 100 exerc\u00edcios, a Emsella trabalha onze mil. Ademais mitigamos o impacto do empenho da equipe e da paciente nos resultados.<\/span><\/p>\n<p>\u00c9 indicada para todos os tipos de incontin\u00eancia. N\u00e3o s\u00f3 na incontin\u00eancia de esfor\u00e7o como tamb\u00e9m na de urg\u00eancia e na mista. Em princ\u00edpio, nos casos leves e moderados, a cadeira pode chegar a resolver por completo os sintomas. Nos casos graves, que necessitam de cirurgia, ela pode atuar de maneira complementar<\/p>\n<h2>Como \u00e9 o procedimento?<\/h2>\n<p>A paciente n\u00e3o sente nenhuma dor durante o procedimento, tendo\u202fapenas um leve\u202fformigamento e a contra\u00e7\u00e3o do m\u00fasculo. O protocolo sugerido \u00e9 de <span style=\"color: #33cccc;\"><strong>seis sess\u00f5es de 28 minutos<\/strong><\/span>, duas vezes por semana, mas o m\u00e9dico pode adaptar o n\u00famero de sess\u00f5es de acordo com a necessidade de cada paciente. Ap\u00f3s a\u202fsegunda\u202fsess\u00e3o j\u00e1 \u00e9 poss\u00edvel notar resultados. \u202f Enfim, ap\u00f3s o procedimento, a paciente pode ir para o trabalho e manter sua vida social e sexual sem qualquer problema.<\/p>\n<div class=\"wp-block-image\">\n<figure class=\"aligncenter is-resized\"><img loading=\"lazy\" decoding=\"async\" src=\"https:\/\/tiaguiar.com\/wp-content\/uploads\/2019\/07\/portugues.png\" alt=\"incontinencia urinaria\" class=\"wp-image-614 aligncenter\" width=\"455\" height=\"185\" srcset=\"https:\/\/tiaguiar.com\/wp-content\/uploads\/2019\/07\/portugues.png 643w, https:\/\/tiaguiar.com\/wp-content\/uploads\/2019\/07\/portugues-300x122.png 300w, https:\/\/tiaguiar.com\/wp-content\/uploads\/2019\/07\/portugues-600x244.png 600w\" sizes=\"auto, (max-width: 455px) 100vw, 455px\" \/><\/figure>\n<\/div>\n<h2>Qual o resultado na incontin\u00eancia urin\u00e1ria?<\/h2>\n<p>Um estudo sobre a efic\u00e1cia do tratamento demonstrou 95% de melhora na qualidade de vida. A mesma pesquisa indica que mulheres reduziram em 75% o uso de absorventes.<\/p>\n<p class=\"wp-block-image is-resized\" style=\"text-align: center;\"><img loading=\"lazy\" decoding=\"async\" src=\"https:\/\/tiaguiar.com\/wp-content\/uploads\/2019\/07\/tratamento-emsella-1024x206.jpg\" alt=\"incontinencia urinaria\" class=\"wp-image-615 aligncenter\" width=\"606\" height=\"122\" srcset=\"https:\/\/tiaguiar.com\/wp-content\/uploads\/2019\/07\/tratamento-emsella-1024x206.jpg 1024w, https:\/\/tiaguiar.com\/wp-content\/uploads\/2019\/07\/tratamento-emsella-300x60.jpg 300w, https:\/\/tiaguiar.com\/wp-content\/uploads\/2019\/07\/tratamento-emsella-768x154.jpg 768w, https:\/\/tiaguiar.com\/wp-content\/uploads\/2019\/07\/tratamento-emsella-600x120.jpg 600w, https:\/\/tiaguiar.com\/wp-content\/uploads\/2019\/07\/tratamento-emsella.jpg 1096w\" sizes=\"auto, (max-width: 606px) 100vw, 606px\" \/><strong>Antes:<span>\u00a0<\/span><em>flacidez muscular<span>\u00a0<\/span><\/em>|<em><span>\u00a0<\/span><\/em>Tratamento:<em><span>\u00a0<\/span>ondas eletromagn\u00e9ticas<\/em><span>\u00a0<\/span>| Ap\u00f3s:<span>\u00a0<\/span><em>recupera\u00e7\u00e3o da contin\u00eancia<\/em><\/strong><\/p>\n<h2>Contra-indica\u00e7\u00f5es \u00e0 EmSella<\/h2>\n<p>\u00c9 contraindicada em pacientes gr\u00e1vidas, com DIU de cobre e com placas met\u00e1licas no quadril ou joelho.<\/p>\n<figure class=\"wp-block-image\"><img decoding=\"async\" src=\"https:\/\/tiaguiar.com\/wp-content\/uploads\/2019\/07\/resumo-1024x266.png\" alt=\"incontinencia urinaria\" class=\"wp-image-616\" srcset=\"https:\/\/tiaguiar.com\/wp-content\/uploads\/2019\/07\/resumo-1024x266.png 1024w, https:\/\/tiaguiar.com\/wp-content\/uploads\/2019\/07\/resumo-300x78.png 300w, https:\/\/tiaguiar.com\/wp-content\/uploads\/2019\/07\/resumo-768x200.png 768w, https:\/\/tiaguiar.com\/wp-content\/uploads\/2019\/07\/resumo-600x156.png 600w, https:\/\/tiaguiar.com\/wp-content\/uploads\/2019\/07\/resumo.png 1220w\" sizes=\"(max-width: 1024px) 100vw, 1024px\" \/><\/figure>\n<p>Enfim, Emsella \u00e9 um tratamento de alta tecnologia, praticamente sem desconforto e que interfere minimamente na rotina da paciente. Por certo, deve ser bem indicada, para que alcance os resultados almejados.<\/p>\n<p>Saiba mais sobre Emsella acessando o <span>\u00a0<\/span><img loading=\"lazy\" decoding=\"async\" width=\"40\" height=\"40\" scale=\"0\" class=\"wp-image-670\" src=\"https:\/\/tiaguiar.com\/wp-content\/uploads\/2019\/07\/kidney-blue-e1563078624765.png\" alt=\"\" \/><span>\u00a0<\/span><a href=\"https:\/\/tiaguiar.com\/index.php\/blog-de-urologia\/\">Blog de Urologia.<\/a><\/p>\n<p><a href=\"https:\/\/iup.com.br\"><img loading=\"lazy\" decoding=\"async\" src=\"https:\/\/tiaguiar.com\/wp-content\/uploads\/2019\/06\/iup1.png\" alt=\"iup\" width=\"145\" height=\"145\" class=\"wp-image-181 aligncenter\" srcset=\"https:\/\/tiaguiar.com\/wp-content\/uploads\/2019\/06\/iup1.png 200w, https:\/\/tiaguiar.com\/wp-content\/uploads\/2019\/06\/iup1-160x160.png 160w, https:\/\/tiaguiar.com\/wp-content\/uploads\/2019\/06\/iup1-150x150.png 150w, https:\/\/tiaguiar.com\/wp-content\/uploads\/2019\/06\/iup1-100x100.png 100w\" sizes=\"auto, (max-width: 145px) 100vw, 145px\" \/><\/a><\/p>\n<p>&nbsp;<\/p>\n<p>&nbsp;<\/p>\n<p>&nbsp;<\/p>\n","protected":false},"excerpt":{"rendered":"<p><span>Emsella realiza o tratamento da incontin\u00eancia urin\u00e1ria com utiliza\u00e7\u00e3o da tecnologia HIFEM.<\/span><\/p>\n","protected":false},"featured_media":0,"comment_status":"open","ping_status":"closed","template":"","meta":{"content-type":"","_monsterinsights_skip_tracking":false,"_monsterinsights_sitenote_active":false,"_monsterinsights_sitenote_note":"","_monsterinsights_sitenote_category":0,"_themeisle_gutenberg_block_has_review":false},"product_brand":[],"product_cat":[120,106],"product_tag":[107,108],"class_list":{"0":"post-790","1":"product","2":"type-product","3":"status-publish","5":"product_cat-particular","6":"product_cat-urologia-feminina","7":"product_tag-emsella","8":"product_tag-incontinencia","10":"first","11":"instock","12":"sold-individually","13":"taxable","14":"shipping-taxable","15":"product-type-external"},"yoast_head":"<!-- This site is optimized with the Yoast SEO plugin v27.4 - https:\/\/yoast.com\/product\/yoast-seo-wordpress\/ -->\n<title>Incontin\u00eancia Urin\u00e1ria: Emsella - Urologista - Dr. Tiago Aguiar<\/title>\n<meta name=\"description\" content=\"Emsella: novo tratamento da incontin\u00eancia urin\u00e1ria. A tecnologia HIFEM melhora o t\u00f4nus e a lubrifica\u00e7\u00e3o da regi\u00e3o \u00edntima.\" \/>\n<meta name=\"robots\" content=\"index, follow, max-snippet:-1, max-image-preview:large, max-video-preview:-1\" \/>\n<link rel=\"canonical\" href=\"https:\/\/tiaguiar.com\/index.php\/product\/incontinencia-urinaria-emsella\/\" \/>\n<meta property=\"og:locale\" content=\"pt_BR\" \/>\n<meta property=\"og:type\" content=\"article\" \/>\n<meta property=\"og:title\" content=\"Incontin\u00eancia Urin\u00e1ria: Emsella - Urologista - Dr. Tiago Aguiar\" \/>\n<meta property=\"og:description\" content=\"Emsella: novo tratamento da incontin\u00eancia urin\u00e1ria. A tecnologia HIFEM melhora o t\u00f4nus e a lubrifica\u00e7\u00e3o da regi\u00e3o \u00edntima.\" \/>\n<meta property=\"og:url\" content=\"https:\/\/tiaguiar.com\/index.php\/product\/incontinencia-urinaria-emsella\/\" \/>\n<meta property=\"og:site_name\" content=\"Urologista - Dr. Tiago Aguiar\" \/>\n<meta property=\"article:publisher\" content=\"https:\/\/www.facebook.com\/dr.tiagoaguiar\" \/>\n<meta property=\"article:modified_time\" content=\"2023-05-03T20:54:20+00:00\" \/>\n<meta property=\"og:image\" content=\"https:\/\/tiaguiar.com\/wp-content\/uploads\/2019\/07\/Imagem2.jpg\" \/>\n\t<meta property=\"og:image:width\" content=\"577\" \/>\n\t<meta property=\"og:image:height\" content=\"421\" \/>\n\t<meta property=\"og:image:type\" content=\"image\/jpeg\" \/>\n<meta name=\"twitter:card\" content=\"summary_large_image\" \/>\n<meta name=\"twitter:label1\" content=\"Est. tempo de leitura\" \/>\n\t<meta name=\"twitter:data1\" content=\"2 minutos\" \/>\n<script type=\"application\/ld+json\" class=\"yoast-schema-graph\">{\"@context\":\"https:\\\/\\\/schema.org\",\"@graph\":[{\"@type\":\"WebPage\",\"@id\":\"https:\\\/\\\/tiaguiar.com\\\/index.php\\\/product\\\/incontinencia-urinaria-emsella\\\/\",\"url\":\"https:\\\/\\\/tiaguiar.com\\\/index.php\\\/product\\\/incontinencia-urinaria-emsella\\\/\",\"name\":\"Incontin\u00eancia Urin\u00e1ria: Emsella - Urologista - Dr. Tiago Aguiar\",\"isPartOf\":{\"@id\":\"https:\\\/\\\/tiaguiar.com\\\/#website\"},\"primaryImageOfPage\":{\"@id\":\"https:\\\/\\\/tiaguiar.com\\\/index.php\\\/product\\\/incontinencia-urinaria-emsella\\\/#primaryimage\"},\"image\":{\"@id\":\"https:\\\/\\\/tiaguiar.com\\\/index.php\\\/product\\\/incontinencia-urinaria-emsella\\\/#primaryimage\"},\"thumbnailUrl\":\"https:\\\/\\\/tiaguiar.com\\\/wp-content\\\/uploads\\\/2019\\\/07\\\/Imagem2-300x219.jpg\",\"datePublished\":\"2019-07-21T18:56:54+00:00\",\"dateModified\":\"2023-05-03T20:54:20+00:00\",\"description\":\"Emsella: novo tratamento da incontin\u00eancia urin\u00e1ria. A tecnologia HIFEM melhora o t\u00f4nus e a lubrifica\u00e7\u00e3o da regi\u00e3o \u00edntima.\",\"breadcrumb\":{\"@id\":\"https:\\\/\\\/tiaguiar.com\\\/index.php\\\/product\\\/incontinencia-urinaria-emsella\\\/#breadcrumb\"},\"inLanguage\":\"pt-BR\",\"potentialAction\":[{\"@type\":\"ReadAction\",\"target\":[\"https:\\\/\\\/tiaguiar.com\\\/index.php\\\/product\\\/incontinencia-urinaria-emsella\\\/\"]}]},{\"@type\":\"ImageObject\",\"inLanguage\":\"pt-BR\",\"@id\":\"https:\\\/\\\/tiaguiar.com\\\/index.php\\\/product\\\/incontinencia-urinaria-emsella\\\/#primaryimage\",\"url\":\"https:\\\/\\\/tiaguiar.com\\\/wp-content\\\/uploads\\\/2019\\\/07\\\/Imagem2-300x219.jpg\",\"contentUrl\":\"https:\\\/\\\/tiaguiar.com\\\/wp-content\\\/uploads\\\/2019\\\/07\\\/Imagem2-300x219.jpg\"},{\"@type\":\"BreadcrumbList\",\"@id\":\"https:\\\/\\\/tiaguiar.com\\\/index.php\\\/product\\\/incontinencia-urinaria-emsella\\\/#breadcrumb\",\"itemListElement\":[{\"@type\":\"ListItem\",\"position\":1,\"name\":\"In\u00edcio\",\"item\":\"https:\\\/\\\/tiaguiar.com\\\/\"},{\"@type\":\"ListItem\",\"position\":2,\"name\":\"Servi\u00e7os Urol\u00f3gicos &#8211; IUP\",\"item\":\"https:\\\/\\\/tiaguiar.com\\\/index.php\\\/servicos\\\/\"},{\"@type\":\"ListItem\",\"position\":3,\"name\":\"Incontin\u00eancia Urin\u00e1ria: Emsella\"}]},{\"@type\":\"WebSite\",\"@id\":\"https:\\\/\\\/tiaguiar.com\\\/#website\",\"url\":\"https:\\\/\\\/tiaguiar.com\\\/\",\"name\":\"Urologista - Dr. Tiago Aguiar\",\"description\":\"Urologista Piracicaba\",\"publisher\":{\"@id\":\"https:\\\/\\\/tiaguiar.com\\\/#organization\"},\"potentialAction\":[{\"@type\":\"SearchAction\",\"target\":{\"@type\":\"EntryPoint\",\"urlTemplate\":\"https:\\\/\\\/tiaguiar.com\\\/?s={search_term_string}\"},\"query-input\":{\"@type\":\"PropertyValueSpecification\",\"valueRequired\":true,\"valueName\":\"search_term_string\"}}],\"inLanguage\":\"pt-BR\"},{\"@type\":\"Organization\",\"@id\":\"https:\\\/\\\/tiaguiar.com\\\/#organization\",\"name\":\"Dr. Tiago Aguiar\",\"url\":\"https:\\\/\\\/tiaguiar.com\\\/\",\"logo\":{\"@type\":\"ImageObject\",\"inLanguage\":\"pt-BR\",\"@id\":\"https:\\\/\\\/tiaguiar.com\\\/#\\\/schema\\\/logo\\\/image\\\/\",\"url\":\"https:\\\/\\\/tiaguiar.com\\\/wp-content\\\/uploads\\\/2019\\\/06\\\/Logo.png\",\"contentUrl\":\"https:\\\/\\\/tiaguiar.com\\\/wp-content\\\/uploads\\\/2019\\\/06\\\/Logo.png\",\"width\":832,\"height\":146,\"caption\":\"Dr. Tiago Aguiar\"},\"image\":{\"@id\":\"https:\\\/\\\/tiaguiar.com\\\/#\\\/schema\\\/logo\\\/image\\\/\"},\"sameAs\":[\"https:\\\/\\\/www.facebook.com\\\/dr.tiagoaguiar\",\"https:\\\/\\\/www.instagram.com\\\/dr.tiagoaguiar\\\/\",\"https:\\\/\\\/www.youtube.com\\\/channel\\\/UCeaku16SlKgJJbQfdv09x3w\"]}]}<\/script>\n<!-- \/ Yoast SEO plugin. -->","yoast_head_json":{"title":"Incontin\u00eancia Urin\u00e1ria: Emsella - Urologista - Dr. Tiago Aguiar","description":"Emsella: novo tratamento da incontin\u00eancia urin\u00e1ria. A tecnologia HIFEM melhora o t\u00f4nus e a lubrifica\u00e7\u00e3o da regi\u00e3o \u00edntima.","robots":{"index":"index","follow":"follow","max-snippet":"max-snippet:-1","max-image-preview":"max-image-preview:large","max-video-preview":"max-video-preview:-1"},"canonical":"https:\/\/tiaguiar.com\/index.php\/product\/incontinencia-urinaria-emsella\/","og_locale":"pt_BR","og_type":"article","og_title":"Incontin\u00eancia Urin\u00e1ria: Emsella - Urologista - Dr. Tiago Aguiar","og_description":"Emsella: novo tratamento da incontin\u00eancia urin\u00e1ria. A tecnologia HIFEM melhora o t\u00f4nus e a lubrifica\u00e7\u00e3o da regi\u00e3o \u00edntima.","og_url":"https:\/\/tiaguiar.com\/index.php\/product\/incontinencia-urinaria-emsella\/","og_site_name":"Urologista - Dr. Tiago Aguiar","article_publisher":"https:\/\/www.facebook.com\/dr.tiagoaguiar","article_modified_time":"2023-05-03T20:54:20+00:00","og_image":[{"width":577,"height":421,"url":"https:\/\/tiaguiar.com\/wp-content\/uploads\/2019\/07\/Imagem2.jpg","type":"image\/jpeg"}],"twitter_card":"summary_large_image","twitter_misc":{"Est. tempo de leitura":"2 minutos"},"schema":{"@context":"https:\/\/schema.org","@graph":[{"@type":"WebPage","@id":"https:\/\/tiaguiar.com\/index.php\/product\/incontinencia-urinaria-emsella\/","url":"https:\/\/tiaguiar.com\/index.php\/product\/incontinencia-urinaria-emsella\/","name":"Incontin\u00eancia Urin\u00e1ria: Emsella - Urologista - Dr. Tiago Aguiar","isPartOf":{"@id":"https:\/\/tiaguiar.com\/#website"},"primaryImageOfPage":{"@id":"https:\/\/tiaguiar.com\/index.php\/product\/incontinencia-urinaria-emsella\/#primaryimage"},"image":{"@id":"https:\/\/tiaguiar.com\/index.php\/product\/incontinencia-urinaria-emsella\/#primaryimage"},"thumbnailUrl":"https:\/\/tiaguiar.com\/wp-content\/uploads\/2019\/07\/Imagem2-300x219.jpg","datePublished":"2019-07-21T18:56:54+00:00","dateModified":"2023-05-03T20:54:20+00:00","description":"Emsella: novo tratamento da incontin\u00eancia urin\u00e1ria. A tecnologia HIFEM melhora o t\u00f4nus e a lubrifica\u00e7\u00e3o da regi\u00e3o \u00edntima.","breadcrumb":{"@id":"https:\/\/tiaguiar.com\/index.php\/product\/incontinencia-urinaria-emsella\/#breadcrumb"},"inLanguage":"pt-BR","potentialAction":[{"@type":"ReadAction","target":["https:\/\/tiaguiar.com\/index.php\/product\/incontinencia-urinaria-emsella\/"]}]},{"@type":"ImageObject","inLanguage":"pt-BR","@id":"https:\/\/tiaguiar.com\/index.php\/product\/incontinencia-urinaria-emsella\/#primaryimage","url":"https:\/\/tiaguiar.com\/wp-content\/uploads\/2019\/07\/Imagem2-300x219.jpg","contentUrl":"https:\/\/tiaguiar.com\/wp-content\/uploads\/2019\/07\/Imagem2-300x219.jpg"},{"@type":"BreadcrumbList","@id":"https:\/\/tiaguiar.com\/index.php\/product\/incontinencia-urinaria-emsella\/#breadcrumb","itemListElement":[{"@type":"ListItem","position":1,"name":"In\u00edcio","item":"https:\/\/tiaguiar.com\/"},{"@type":"ListItem","position":2,"name":"Servi\u00e7os Urol\u00f3gicos &#8211; IUP","item":"https:\/\/tiaguiar.com\/index.php\/servicos\/"},{"@type":"ListItem","position":3,"name":"Incontin\u00eancia Urin\u00e1ria: Emsella"}]},{"@type":"WebSite","@id":"https:\/\/tiaguiar.com\/#website","url":"https:\/\/tiaguiar.com\/","name":"Urologista - Dr. Tiago Aguiar","description":"Urologista Piracicaba","publisher":{"@id":"https:\/\/tiaguiar.com\/#organization"},"potentialAction":[{"@type":"SearchAction","target":{"@type":"EntryPoint","urlTemplate":"https:\/\/tiaguiar.com\/?s={search_term_string}"},"query-input":{"@type":"PropertyValueSpecification","valueRequired":true,"valueName":"search_term_string"}}],"inLanguage":"pt-BR"},{"@type":"Organization","@id":"https:\/\/tiaguiar.com\/#organization","name":"Dr. Tiago Aguiar","url":"https:\/\/tiaguiar.com\/","logo":{"@type":"ImageObject","inLanguage":"pt-BR","@id":"https:\/\/tiaguiar.com\/#\/schema\/logo\/image\/","url":"https:\/\/tiaguiar.com\/wp-content\/uploads\/2019\/06\/Logo.png","contentUrl":"https:\/\/tiaguiar.com\/wp-content\/uploads\/2019\/06\/Logo.png","width":832,"height":146,"caption":"Dr. Tiago Aguiar"},"image":{"@id":"https:\/\/tiaguiar.com\/#\/schema\/logo\/image\/"},"sameAs":["https:\/\/www.facebook.com\/dr.tiagoaguiar","https:\/\/www.instagram.com\/dr.tiagoaguiar\/","https:\/\/www.youtube.com\/channel\/UCeaku16SlKgJJbQfdv09x3w"]}]}},"_links":{"self":[{"href":"https:\/\/tiaguiar.com\/index.php\/wp-json\/wp\/v2\/product\/790","targetHints":{"allow":["GET"]}}],"collection":[{"href":"https:\/\/tiaguiar.com\/index.php\/wp-json\/wp\/v2\/product"}],"about":[{"href":"https:\/\/tiaguiar.com\/index.php\/wp-json\/wp\/v2\/types\/product"}],"replies":[{"embeddable":true,"href":"https:\/\/tiaguiar.com\/index.php\/wp-json\/wp\/v2\/comments?post=790"}],"wp:attachment":[{"href":"https:\/\/tiaguiar.com\/index.php\/wp-json\/wp\/v2\/media?parent=790"}],"wp:term":[{"taxonomy":"product_brand","embeddable":true,"href":"https:\/\/tiaguiar.com\/index.php\/wp-json\/wp\/v2\/product_brand?post=790"},{"taxonomy":"product_cat","embeddable":true,"href":"https:\/\/tiaguiar.com\/index.php\/wp-json\/wp\/v2\/product_cat?post=790"},{"taxonomy":"product_tag","embeddable":true,"href":"https:\/\/tiaguiar.com\/index.php\/wp-json\/wp\/v2\/product_tag?post=790"}],"curies":[{"name":"wp","href":"https:\/\/api.w.org\/{rel}","templated":true}]}}