{"id":1264,"date":"2019-08-07T17:54:10","date_gmt":"2019-08-07T20:54:10","guid":{"rendered":"https:\/\/tiaguiar.com\/?post_type=product&#038;p=1264"},"modified":"2024-08-11T09:32:16","modified_gmt":"2024-08-11T12:32:16","slug":"avaliacao-urodinamica-2","status":"publish","type":"product","link":"https:\/\/tiaguiar.com\/index.php\/product\/avaliacao-urodinamica-2\/","title":{"rendered":"Avalia\u00e7\u00e3o Urodin\u00e2mica"},"content":{"rendered":"<p>Avalia\u00e7\u00e3o urodin\u00e2mica, estudo urodin\u00e2mico ou simplesmente urodin\u00e2mica, voc\u00ea j\u00e1 ouviu falar? Esse \u00e9 um exame realizado com o prop\u00f3sito de estudar o funcionamento da bexiga. Por\u00e9m, antes de falar sobre o exame propriamente, precisamos responder a algumas quest\u00f5es.<\/p>\n<h2>Fun\u00e7\u00e3o da Bexiga<\/h2>\n<p>Primeiramente, qual \u00e9 a fun\u00e7\u00e3o da bexiga? Ao longo da evolu\u00e7\u00e3o das esp\u00e9cies animais ocorreu o desenvolvimento da mic\u00e7\u00e3o peri\u00f3dica. Para um peixe n\u00e3o h\u00e1 problemas de excretar dejetos o tempo todo na \u00e1gua, mas para voc\u00ea, certamente isso n\u00e3o \u00e9 bom. Assim, surgiram as fun\u00e7\u00f5es de armazenamento e esvaziamento vesical. Acima de tudo,\u00a0 um complexo mecanismo neurol\u00f3gico regula essas fun\u00e7\u00f5es.<\/p>\n<div class=\"wp-block-image\">\n<figure class=\"aligncenter is-resized\"><img loading=\"lazy\" decoding=\"async\" src=\"https:\/\/tiaguiar.com\/wp-content\/uploads\/2019\/08\/bexiga1.png\" alt=\"bexiga\" class=\"aligncenter wp-image-1137\" width=\"364\" height=\"221\" srcset=\"https:\/\/tiaguiar.com\/wp-content\/uploads\/2019\/08\/bexiga1.png 988w, https:\/\/tiaguiar.com\/wp-content\/uploads\/2019\/08\/bexiga1-300x182.png 300w, https:\/\/tiaguiar.com\/wp-content\/uploads\/2019\/08\/bexiga1-768x466.png 768w, https:\/\/tiaguiar.com\/wp-content\/uploads\/2019\/08\/bexiga1-600x364.png 600w\" sizes=\"auto, (max-width: 364px) 100vw, 364px\" \/><\/figure>\n<\/div>\n<p>Em segundo lugar, como a bexiga executa essa fun\u00e7\u00f5es? \u00c9 importante a bexiga armazenar urina com baixas press\u00f5es e, com efeito, n\u00e3o comprometer a filtra\u00e7\u00e3o do sangue pelos rins. Por certo, tamb\u00e9m \u00e9 interessante que estoque certo volume e que o despreze em momentos convenientes. E por fim, o esvaziamento deve ocorrer com um fluxo adequado e esgotar praticamente todo o conte\u00fado da bexiga.<\/p>\n<p>Portanto, a bexiga deve funcionar de maneira a preservar a fun\u00e7\u00e3o do rim, armazenar certo volume de urina para que possamos passar algum tempo sem precisarmos ir ao banheiro, manter a contin\u00eancia urin\u00e1ria e promover um esvaziamento adequado.<\/p>\n<h2>Como a avalia\u00e7\u00e3o urodin\u00e2mica avalia o funcionamento da bexiga?<\/h2>\n<p>Em suma, a urodin\u00e2mica avalia o funcionamento da bexiga com a interpreta\u00e7\u00e3o de algumas medidas: press\u00f5es de dentro da bexiga e de dentro do abdome, volume de soro infundido na bexiga e fluxo de urina. Ademais a participa\u00e7\u00e3o do paciente \u00e9 importante, ao relatar suas sensa\u00e7\u00f5es. Vamos ent\u00e3o ver como \u00e9 o exame passo a passo.<\/p>\n<div class=\"wp-block-image\">\n<figure class=\"aligncenter\"><img decoding=\"async\" src=\"https:\/\/tiaguiar.com\/wp-content\/uploads\/2019\/07\/urodinamica1.jpg\" alt=\"urodin\u00e2mica\" class=\"wp-image-1057 aligncenter\" \/><\/figure>\n<\/div>\n<h2>Urodin\u00e2mica \u2013 Fluxometria Livre<\/h2>\n<p>Esta \u00e9 inegavelmente, a parte mais simples do exame. Para o paciente, \u00e9 simplesmente urinar em um recipiente em um ambiente privado. Por ser a parte do exame mais pr\u00f3xima \u00e0 mic\u00e7\u00e3o habitual do paciente, ela, portanto, traz informa\u00e7\u00f5es valiosas. Enquanto o paciente urina, mede-se o fluxo de urina que \u00e9 e representado depois em um gr\u00e1fico.<\/p>\n<div class=\"wp-block-image\">\n<figure class=\"aligncenter is-resized\"><img loading=\"lazy\" decoding=\"async\" src=\"https:\/\/tiaguiar.com\/wp-content\/uploads\/2019\/08\/fluxo.png\" alt=\"urodin\u00e2mica\" class=\"wp-image-1133 aligncenter\" width=\"315\" height=\"239\" srcset=\"https:\/\/tiaguiar.com\/wp-content\/uploads\/2019\/08\/fluxo.png 981w, https:\/\/tiaguiar.com\/wp-content\/uploads\/2019\/08\/fluxo-300x228.png 300w, https:\/\/tiaguiar.com\/wp-content\/uploads\/2019\/08\/fluxo-768x583.png 768w, https:\/\/tiaguiar.com\/wp-content\/uploads\/2019\/08\/fluxo-600x456.png 600w\" sizes=\"auto, (max-width: 315px) 100vw, 315px\" \/><\/figure>\n<\/div>\n<h2>Urodin\u00e2mica \u2013 Cistometria<\/h2>\n<p>Em contrapartida, esta \u00e9 a parte da avalia\u00e7\u00e3o urodin\u00e2mica que mais incomoda. Sobretudo porque \u00e9 necess\u00e1ria a passagem de uma sonda pela uretra at\u00e9 a bexiga e outra pelo \u00e2nus. Essas sondas s\u00e3o passadas ao prop\u00f3sito de medir as press\u00f5es dentro da bexiga e do abdome durante o enchimento e o esvaziamento da bexiga. Assim sendo, ap\u00f3s a passagem das sondas a bexiga \u00e9 preenchida com um l\u00edquido est\u00e9ril e as sensa\u00e7\u00f5es do paciente s\u00e3o anotadas. Tamb\u00e9m \u00e9 importante nessa fase observar contra\u00e7\u00f5es involunt\u00e1rias da bexiga e varia\u00e7\u00f5es nas press\u00f5es. Al\u00e9m disso, testes s\u00e3o realizados para avaliar perda de urina. Analogamente \u00e0 fluxometria livre, um gr\u00e1fico traduz todos os dados medidos.<\/p>\n<div class=\"wp-block-image\">\n<figure class=\"aligncenter is-resized\"><img loading=\"lazy\" decoding=\"async\" src=\"https:\/\/tiaguiar.com\/wp-content\/uploads\/2019\/08\/iue.jpg\" alt=\"urodin\u00e2mica\" class=\"wp-image-1135 aligncenter\" width=\"336\" height=\"242\" srcset=\"https:\/\/tiaguiar.com\/wp-content\/uploads\/2019\/08\/iue.jpg 543w, https:\/\/tiaguiar.com\/wp-content\/uploads\/2019\/08\/iue-300x217.jpg 300w\" sizes=\"auto, (max-width: 336px) 100vw, 336px\" \/><\/figure>\n<\/div>\n<h2>Urodin\u00e2mica \u2013 Estudo Fluxo\/Press\u00e3o<\/h2>\n<p>Por fim, na \u00faltima parte do estudo urodin\u00e2mico, o paciente realiza a mic\u00e7\u00e3o. Por\u00e9m agora com as sondas medindo as press\u00f5es dentro da bexiga e do abdome. Por conseguinte mede-se as press\u00f5es durante a mic\u00e7\u00e3o e tamb\u00e9m o fluxo de urina e mostrados em um gr\u00e1fico. Mensura-se tamb\u00e9m o res\u00edduo, ou seja, o volume de l\u00edquido que ficou na bexiga ap\u00f3s o t\u00e9rmino da mic\u00e7\u00e3o.<\/p>\n<div class=\"wp-block-image\">\n<figure class=\"aligncenter is-resized\"><img loading=\"lazy\" decoding=\"async\" src=\"https:\/\/tiaguiar.com\/wp-content\/uploads\/2019\/08\/qp.jpg\" alt=\"urodin\u00e2mica\" class=\"wp-image-1136 aligncenter\" width=\"295\" height=\"295\" srcset=\"https:\/\/tiaguiar.com\/wp-content\/uploads\/2019\/08\/qp.jpg 800w, https:\/\/tiaguiar.com\/wp-content\/uploads\/2019\/08\/qp-150x150.jpg 150w, https:\/\/tiaguiar.com\/wp-content\/uploads\/2019\/08\/qp-300x300.jpg 300w, https:\/\/tiaguiar.com\/wp-content\/uploads\/2019\/08\/qp-768x768.jpg 768w, https:\/\/tiaguiar.com\/wp-content\/uploads\/2019\/08\/qp-460x460.jpg 460w, https:\/\/tiaguiar.com\/wp-content\/uploads\/2019\/08\/qp-230x230.jpg 230w, https:\/\/tiaguiar.com\/wp-content\/uploads\/2019\/08\/qp-600x600.jpg 600w, https:\/\/tiaguiar.com\/wp-content\/uploads\/2019\/08\/qp-160x160.jpg 160w\" sizes=\"auto, (max-width: 295px) 100vw, 295px\" \/><\/figure>\n<\/div>\n<h2>E para que serve a avalia\u00e7\u00e3o urodin\u00e2mica?<\/h2>\n<p>Muitas doen\u00e7as eventualmente afetam a bexiga, entre elas: hiperplasia benigna da pr\u00f3stata, diabetes, senilidade, doen\u00e7as neurol\u00f3gicas \u2013 como Parkinson, acidende vascular encef\u00e1lico, esclerose m\u00faltipla, trauma raquimedular, meningomielocele, etc. Ademais malforma\u00e7\u00f5es urogenitais, bexiga hiperativa e\u00a0<a href=\"https:\/\/tiaguiar.com\/index.php\/2019\/07\/12\/emsella-incontinencia-urinaria\/\">incontin\u00eancia urin\u00e1ria de esfor\u00e7o<\/a>. Com o intuito de auxiliar o entendimento das consequ\u00eancias dessas doen\u00e7as na bexiga o urologista pode recorrer ao aux\u00edlio da avalia\u00e7\u00e3o urodin\u00e2mica. A interpreta\u00e7\u00e3o dos gr\u00e1ficos com fluxos, press\u00f5es e as sensa\u00e7\u00f5es do paciente contam, portanto, sobre a funcionalidade de bexiga.<\/p>\n<h2>O que a avalia\u00e7\u00e3o urodin\u00e2mica mostra \u00e9 o que acontece no meu dia a dia?<\/h2>\n<p>Ressalto, contudo, que ela \u00e9 um exame complementar, e a avalia\u00e7\u00e3o cl\u00ednica do m\u00e9dico \u00e9 soberana. N\u00e3o podemos por conseguinte adotar o funcionamento da bexiga de algu\u00e9m, com sondas em seu interior, em um ambiente estranho, como reprodu\u00e7\u00e3o incontest\u00e1vel do seu dia a dia. Assim, os dados do exame s\u00e3o muito valiosos, por\u00e9m s\u00e3o sempre filtrados pelo entendimento do urologista.<\/p>\n<div class=\"wp-block-image\">\n<figure class=\"aligncenter is-resized\"><img loading=\"lazy\" decoding=\"async\" src=\"https:\/\/tiaguiar.com\/wp-content\/uploads\/2019\/07\/medica1-1024x682.jpg\" alt=\"atendimento IUP\" class=\"aligncenter wp-image-1062\" width=\"440\" height=\"293\" srcset=\"https:\/\/tiaguiar.com\/wp-content\/uploads\/2019\/07\/medica1-1024x682.jpg 1024w, https:\/\/tiaguiar.com\/wp-content\/uploads\/2019\/07\/medica1-300x200.jpg 300w, https:\/\/tiaguiar.com\/wp-content\/uploads\/2019\/07\/medica1-768x512.jpg 768w, https:\/\/tiaguiar.com\/wp-content\/uploads\/2019\/07\/medica1-360x240.jpg 360w, https:\/\/tiaguiar.com\/wp-content\/uploads\/2019\/07\/medica1-600x400.jpg 600w, https:\/\/tiaguiar.com\/wp-content\/uploads\/2019\/07\/medica1.jpg 1280w\" sizes=\"auto, (max-width: 440px) 100vw, 440px\" \/><\/figure>\n<\/div>\n<h2>Fa\u00e7a sua avalia\u00e7\u00e3o urodin\u00e2mica no IUP<\/h2>\n<p>Caso seu m\u00e9dico tenha solicitado uma avalia\u00e7\u00e3o urodin\u00e2mica, procure o IUP. Temos um grande volume de exames e por isso adquirimos grande experi\u00eancia em sua realiza\u00e7\u00e3o e interpreta\u00e7\u00e3o. Ao mesmo tempo, no Instituto de Urologia de Piracicaba, voc\u00ea receber\u00e1 um atendimento respeitoso e humano.<\/p>\n<div class=\"wp-block-image\">\n<figure class=\"aligncenter is-resized\"><a href=\"https:\/\/iup.com.br\/\"><img loading=\"lazy\" decoding=\"async\" src=\"https:\/\/tiaguiar.com\/wp-content\/uploads\/2019\/06\/iup1.png\" alt=\"iup\" class=\"aligncenter wp-image-181\" width=\"98\" height=\"98\" srcset=\"https:\/\/tiaguiar.com\/wp-content\/uploads\/2019\/06\/iup1.png 200w, https:\/\/tiaguiar.com\/wp-content\/uploads\/2019\/06\/iup1-160x160.png 160w, https:\/\/tiaguiar.com\/wp-content\/uploads\/2019\/06\/iup1-150x150.png 150w, https:\/\/tiaguiar.com\/wp-content\/uploads\/2019\/06\/iup1-100x100.png 100w\" sizes=\"auto, (max-width: 98px) 100vw, 98px\" \/><\/a><\/figure>\n<\/div>\n","protected":false},"excerpt":{"rendered":"<p>Avalia\u00e7\u00e3o urodin\u00e2mica \u00e9 um exame realizado com o prop\u00f3sito de estudar o funcionamento da bexiga.<\/p>\n","protected":false},"featured_media":0,"comment_status":"open","ping_status":"closed","template":"","meta":{"content-type":"","_monsterinsights_skip_tracking":false,"_monsterinsights_sitenote_active":false,"_monsterinsights_sitenote_note":"","_monsterinsights_sitenote_category":0,"_themeisle_gutenberg_block_has_review":false},"product_brand":[],"product_cat":[121,120,147],"product_tag":[150,152,151,149,115,148,114,136],"class_list":{"0":"post-1264","1":"product","2":"type-product","3":"status-publish","5":"product_cat-convenio","6":"product_cat-particular","7":"product_cat-procedimentos-diagnosticos","8":"product_tag-avaliacao-urodinamica","9":"product_tag-bexiga","10":"product_tag-estudo-urodinamico","11":"product_tag-urodinamica","12":"product_tag-urologia","13":"product_tag-urologia-piracicaba","14":"product_tag-urologista","15":"product_tag-urologista-piracicaba","17":"first","18":"instock","19":"taxable","20":"shipping-taxable","21":"product-type-external"},"yoast_head":"<!-- This site is optimized with the Yoast SEO plugin v27.5 - https:\/\/yoast.com\/product\/yoast-seo-wordpress\/ -->\n<title>Avalia\u00e7\u00e3o Urodin\u00e2mica - Urologista - Dr. Tiago Aguiar<\/title>\n<meta name=\"description\" content=\"Avalia\u00e7\u00e3o Urodin\u00e2mica, voc\u00ea j\u00e1 ouviu falar? Esse \u00e9 um exame realizado com o prop\u00f3sito de estudar o funcionamento da bexiga.\" \/>\n<meta name=\"robots\" content=\"index, follow, max-snippet:-1, max-image-preview:large, max-video-preview:-1\" \/>\n<link rel=\"canonical\" href=\"https:\/\/tiaguiar.com\/index.php\/product\/avaliacao-urodinamica-2\/\" \/>\n<meta property=\"og:locale\" content=\"pt_BR\" \/>\n<meta property=\"og:type\" content=\"article\" \/>\n<meta property=\"og:title\" content=\"Avalia\u00e7\u00e3o Urodin\u00e2mica - Urologista - Dr. Tiago Aguiar\" \/>\n<meta property=\"og:description\" content=\"Avalia\u00e7\u00e3o Urodin\u00e2mica, voc\u00ea j\u00e1 ouviu falar? Esse \u00e9 um exame realizado com o prop\u00f3sito de estudar o funcionamento da bexiga.\" \/>\n<meta property=\"og:url\" content=\"https:\/\/tiaguiar.com\/index.php\/product\/avaliacao-urodinamica-2\/\" \/>\n<meta property=\"og:site_name\" content=\"Urologista - Dr. Tiago Aguiar\" \/>\n<meta property=\"article:publisher\" content=\"https:\/\/www.facebook.com\/dr.tiagoaguiar\" \/>\n<meta property=\"article:modified_time\" content=\"2024-08-11T12:32:16+00:00\" \/>\n<meta property=\"og:image\" content=\"https:\/\/tiaguiar.com\/wp-content\/uploads\/2019\/07\/urodinamica1.jpg\" \/>\n\t<meta property=\"og:image:width\" content=\"256\" \/>\n\t<meta property=\"og:image:height\" content=\"197\" \/>\n\t<meta property=\"og:image:type\" content=\"image\/jpeg\" \/>\n<meta name=\"twitter:card\" content=\"summary_large_image\" \/>\n<meta name=\"twitter:label1\" content=\"Est. tempo de leitura\" \/>\n\t<meta name=\"twitter:data1\" content=\"6 minutos\" \/>\n<script type=\"application\/ld+json\" class=\"yoast-schema-graph\">{\"@context\":\"https:\\\/\\\/schema.org\",\"@graph\":[{\"@type\":\"WebPage\",\"@id\":\"https:\\\/\\\/tiaguiar.com\\\/index.php\\\/product\\\/avaliacao-urodinamica-2\\\/\",\"url\":\"https:\\\/\\\/tiaguiar.com\\\/index.php\\\/product\\\/avaliacao-urodinamica-2\\\/\",\"name\":\"Avalia\u00e7\u00e3o Urodin\u00e2mica - Urologista - Dr. Tiago Aguiar\",\"isPartOf\":{\"@id\":\"https:\\\/\\\/tiaguiar.com\\\/#website\"},\"primaryImageOfPage\":{\"@id\":\"https:\\\/\\\/tiaguiar.com\\\/index.php\\\/product\\\/avaliacao-urodinamica-2\\\/#primaryimage\"},\"image\":{\"@id\":\"https:\\\/\\\/tiaguiar.com\\\/index.php\\\/product\\\/avaliacao-urodinamica-2\\\/#primaryimage\"},\"thumbnailUrl\":\"https:\\\/\\\/tiaguiar.com\\\/wp-content\\\/uploads\\\/2019\\\/08\\\/bexiga1.png\",\"datePublished\":\"2019-08-07T20:54:10+00:00\",\"dateModified\":\"2024-08-11T12:32:16+00:00\",\"description\":\"Avalia\u00e7\u00e3o Urodin\u00e2mica, voc\u00ea j\u00e1 ouviu falar? Esse \u00e9 um exame realizado com o prop\u00f3sito de estudar o funcionamento da bexiga.\",\"breadcrumb\":{\"@id\":\"https:\\\/\\\/tiaguiar.com\\\/index.php\\\/product\\\/avaliacao-urodinamica-2\\\/#breadcrumb\"},\"inLanguage\":\"pt-BR\",\"potentialAction\":[{\"@type\":\"ReadAction\",\"target\":[\"https:\\\/\\\/tiaguiar.com\\\/index.php\\\/product\\\/avaliacao-urodinamica-2\\\/\"]}]},{\"@type\":\"ImageObject\",\"inLanguage\":\"pt-BR\",\"@id\":\"https:\\\/\\\/tiaguiar.com\\\/index.php\\\/product\\\/avaliacao-urodinamica-2\\\/#primaryimage\",\"url\":\"\",\"contentUrl\":\"\"},{\"@type\":\"BreadcrumbList\",\"@id\":\"https:\\\/\\\/tiaguiar.com\\\/index.php\\\/product\\\/avaliacao-urodinamica-2\\\/#breadcrumb\",\"itemListElement\":[{\"@type\":\"ListItem\",\"position\":1,\"name\":\"In\u00edcio\",\"item\":\"https:\\\/\\\/tiaguiar.com\\\/\"},{\"@type\":\"ListItem\",\"position\":2,\"name\":\"Servi\u00e7os Urol\u00f3gicos &#8211; IUP\",\"item\":\"https:\\\/\\\/tiaguiar.com\\\/index.php\\\/servicos\\\/\"},{\"@type\":\"ListItem\",\"position\":3,\"name\":\"Avalia\u00e7\u00e3o Urodin\u00e2mica\"}]},{\"@type\":\"WebSite\",\"@id\":\"https:\\\/\\\/tiaguiar.com\\\/#website\",\"url\":\"https:\\\/\\\/tiaguiar.com\\\/\",\"name\":\"Urologista - Dr. Tiago Aguiar\",\"description\":\"Urologista Piracicaba\",\"publisher\":{\"@id\":\"https:\\\/\\\/tiaguiar.com\\\/#organization\"},\"potentialAction\":[{\"@type\":\"SearchAction\",\"target\":{\"@type\":\"EntryPoint\",\"urlTemplate\":\"https:\\\/\\\/tiaguiar.com\\\/?s={search_term_string}\"},\"query-input\":{\"@type\":\"PropertyValueSpecification\",\"valueRequired\":true,\"valueName\":\"search_term_string\"}}],\"inLanguage\":\"pt-BR\"},{\"@type\":\"Organization\",\"@id\":\"https:\\\/\\\/tiaguiar.com\\\/#organization\",\"name\":\"Dr. Tiago Aguiar\",\"url\":\"https:\\\/\\\/tiaguiar.com\\\/\",\"logo\":{\"@type\":\"ImageObject\",\"inLanguage\":\"pt-BR\",\"@id\":\"https:\\\/\\\/tiaguiar.com\\\/#\\\/schema\\\/logo\\\/image\\\/\",\"url\":\"https:\\\/\\\/tiaguiar.com\\\/wp-content\\\/uploads\\\/2019\\\/06\\\/Logo.png\",\"contentUrl\":\"https:\\\/\\\/tiaguiar.com\\\/wp-content\\\/uploads\\\/2019\\\/06\\\/Logo.png\",\"width\":832,\"height\":146,\"caption\":\"Dr. Tiago Aguiar\"},\"image\":{\"@id\":\"https:\\\/\\\/tiaguiar.com\\\/#\\\/schema\\\/logo\\\/image\\\/\"},\"sameAs\":[\"https:\\\/\\\/www.facebook.com\\\/dr.tiagoaguiar\",\"https:\\\/\\\/www.instagram.com\\\/dr.tiagoaguiar\\\/\",\"https:\\\/\\\/www.youtube.com\\\/channel\\\/UCeaku16SlKgJJbQfdv09x3w\"]}]}<\/script>\n<!-- \/ Yoast SEO plugin. -->","yoast_head_json":{"title":"Avalia\u00e7\u00e3o Urodin\u00e2mica - Urologista - Dr. Tiago Aguiar","description":"Avalia\u00e7\u00e3o Urodin\u00e2mica, voc\u00ea j\u00e1 ouviu falar? Esse \u00e9 um exame realizado com o prop\u00f3sito de estudar o funcionamento da bexiga.","robots":{"index":"index","follow":"follow","max-snippet":"max-snippet:-1","max-image-preview":"max-image-preview:large","max-video-preview":"max-video-preview:-1"},"canonical":"https:\/\/tiaguiar.com\/index.php\/product\/avaliacao-urodinamica-2\/","og_locale":"pt_BR","og_type":"article","og_title":"Avalia\u00e7\u00e3o Urodin\u00e2mica - Urologista - Dr. Tiago Aguiar","og_description":"Avalia\u00e7\u00e3o Urodin\u00e2mica, voc\u00ea j\u00e1 ouviu falar? Esse \u00e9 um exame realizado com o prop\u00f3sito de estudar o funcionamento da bexiga.","og_url":"https:\/\/tiaguiar.com\/index.php\/product\/avaliacao-urodinamica-2\/","og_site_name":"Urologista - Dr. Tiago Aguiar","article_publisher":"https:\/\/www.facebook.com\/dr.tiagoaguiar","article_modified_time":"2024-08-11T12:32:16+00:00","og_image":[{"width":256,"height":197,"url":"https:\/\/tiaguiar.com\/wp-content\/uploads\/2019\/07\/urodinamica1.jpg","type":"image\/jpeg"}],"twitter_card":"summary_large_image","twitter_misc":{"Est. tempo de leitura":"6 minutos"},"schema":{"@context":"https:\/\/schema.org","@graph":[{"@type":"WebPage","@id":"https:\/\/tiaguiar.com\/index.php\/product\/avaliacao-urodinamica-2\/","url":"https:\/\/tiaguiar.com\/index.php\/product\/avaliacao-urodinamica-2\/","name":"Avalia\u00e7\u00e3o Urodin\u00e2mica - Urologista - Dr. Tiago Aguiar","isPartOf":{"@id":"https:\/\/tiaguiar.com\/#website"},"primaryImageOfPage":{"@id":"https:\/\/tiaguiar.com\/index.php\/product\/avaliacao-urodinamica-2\/#primaryimage"},"image":{"@id":"https:\/\/tiaguiar.com\/index.php\/product\/avaliacao-urodinamica-2\/#primaryimage"},"thumbnailUrl":"https:\/\/tiaguiar.com\/wp-content\/uploads\/2019\/08\/bexiga1.png","datePublished":"2019-08-07T20:54:10+00:00","dateModified":"2024-08-11T12:32:16+00:00","description":"Avalia\u00e7\u00e3o Urodin\u00e2mica, voc\u00ea j\u00e1 ouviu falar? Esse \u00e9 um exame realizado com o prop\u00f3sito de estudar o funcionamento da bexiga.","breadcrumb":{"@id":"https:\/\/tiaguiar.com\/index.php\/product\/avaliacao-urodinamica-2\/#breadcrumb"},"inLanguage":"pt-BR","potentialAction":[{"@type":"ReadAction","target":["https:\/\/tiaguiar.com\/index.php\/product\/avaliacao-urodinamica-2\/"]}]},{"@type":"ImageObject","inLanguage":"pt-BR","@id":"https:\/\/tiaguiar.com\/index.php\/product\/avaliacao-urodinamica-2\/#primaryimage","url":"","contentUrl":""},{"@type":"BreadcrumbList","@id":"https:\/\/tiaguiar.com\/index.php\/product\/avaliacao-urodinamica-2\/#breadcrumb","itemListElement":[{"@type":"ListItem","position":1,"name":"In\u00edcio","item":"https:\/\/tiaguiar.com\/"},{"@type":"ListItem","position":2,"name":"Servi\u00e7os Urol\u00f3gicos &#8211; IUP","item":"https:\/\/tiaguiar.com\/index.php\/servicos\/"},{"@type":"ListItem","position":3,"name":"Avalia\u00e7\u00e3o Urodin\u00e2mica"}]},{"@type":"WebSite","@id":"https:\/\/tiaguiar.com\/#website","url":"https:\/\/tiaguiar.com\/","name":"Urologista - Dr. Tiago Aguiar","description":"Urologista Piracicaba","publisher":{"@id":"https:\/\/tiaguiar.com\/#organization"},"potentialAction":[{"@type":"SearchAction","target":{"@type":"EntryPoint","urlTemplate":"https:\/\/tiaguiar.com\/?s={search_term_string}"},"query-input":{"@type":"PropertyValueSpecification","valueRequired":true,"valueName":"search_term_string"}}],"inLanguage":"pt-BR"},{"@type":"Organization","@id":"https:\/\/tiaguiar.com\/#organization","name":"Dr. Tiago Aguiar","url":"https:\/\/tiaguiar.com\/","logo":{"@type":"ImageObject","inLanguage":"pt-BR","@id":"https:\/\/tiaguiar.com\/#\/schema\/logo\/image\/","url":"https:\/\/tiaguiar.com\/wp-content\/uploads\/2019\/06\/Logo.png","contentUrl":"https:\/\/tiaguiar.com\/wp-content\/uploads\/2019\/06\/Logo.png","width":832,"height":146,"caption":"Dr. Tiago Aguiar"},"image":{"@id":"https:\/\/tiaguiar.com\/#\/schema\/logo\/image\/"},"sameAs":["https:\/\/www.facebook.com\/dr.tiagoaguiar","https:\/\/www.instagram.com\/dr.tiagoaguiar\/","https:\/\/www.youtube.com\/channel\/UCeaku16SlKgJJbQfdv09x3w"]}]}},"_links":{"self":[{"href":"https:\/\/tiaguiar.com\/index.php\/wp-json\/wp\/v2\/product\/1264","targetHints":{"allow":["GET"]}}],"collection":[{"href":"https:\/\/tiaguiar.com\/index.php\/wp-json\/wp\/v2\/product"}],"about":[{"href":"https:\/\/tiaguiar.com\/index.php\/wp-json\/wp\/v2\/types\/product"}],"replies":[{"embeddable":true,"href":"https:\/\/tiaguiar.com\/index.php\/wp-json\/wp\/v2\/comments?post=1264"}],"wp:attachment":[{"href":"https:\/\/tiaguiar.com\/index.php\/wp-json\/wp\/v2\/media?parent=1264"}],"wp:term":[{"taxonomy":"product_brand","embeddable":true,"href":"https:\/\/tiaguiar.com\/index.php\/wp-json\/wp\/v2\/product_brand?post=1264"},{"taxonomy":"product_cat","embeddable":true,"href":"https:\/\/tiaguiar.com\/index.php\/wp-json\/wp\/v2\/product_cat?post=1264"},{"taxonomy":"product_tag","embeddable":true,"href":"https:\/\/tiaguiar.com\/index.php\/wp-json\/wp\/v2\/product_tag?post=1264"}],"curies":[{"name":"wp","href":"https:\/\/api.w.org\/{rel}","templated":true}]}}