{"id":1121,"date":"2019-08-02T09:53:13","date_gmt":"2019-08-02T12:53:13","guid":{"rendered":"https:\/\/tiaguiar.com\/?post_type=product&#038;p=1121"},"modified":"2023-05-17T00:54:04","modified_gmt":"2023-05-17T03:54:04","slug":"plastica-de-freio-2","status":"publish","type":"product","link":"https:\/\/tiaguiar.com\/index.php\/product\/plastica-de-freio-2\/","title":{"rendered":"Pl\u00e1stica de Freio ou Frenuloplastia"},"content":{"rendered":"<p>A pl\u00e1stica de freio e o tratamento para quem tem o freio curto e com isso tem alguns tipos de inc\u00f4modo. <a href=\"https:\/\/tiaguiar.com\/index.php\/2019\/06\/24\/freio-do-penis\/\">Mas o que \u00e9 o freio? <\/a><\/p>\n<p><a href=\"https:\/\/tiaguiar.com\/index.php\/2019\/06\/24\/freio-do-penis\/\">O freio<\/a> \u00e9 a pele localizada na parte inferior do p\u00eanis, que conecta a glande (cabe\u00e7a) \u00e0 superf\u00edcie interna do prep\u00facio (pele que recobre a glande).<\/p>\n<p>O freio tem algumas fun\u00e7\u00f5es, entre elas:<\/p>\n<ul>\n<li>Prote\u00e7\u00e3o: ajudar a manter o prep\u00facio na posi\u00e7\u00e3o correta, recobrindo a glande com o p\u00eanis fl\u00e1cido e portanto protegendo-o.<\/li>\n<li>Facilita o ato sexual: permite o deslocamento do prep\u00facio e exposi\u00e7\u00e3o da glande durante a ere\u00e7\u00e3o.<\/li>\n<\/ul>\n<p>Considera-se que o homem tem o freio curto quando o movimento dele \u00e9 limitado. Assim sendo, o homem poder\u00e1 ter dores durante a realiza\u00e7\u00e3o do ato sexual ou at\u00e9 curvatura no p\u00eanis. Em algumas situa\u00e7\u00f5es, cria-se muita tens\u00e3o ao puxar a pele para tr\u00e1s ou durante a ere\u00e7\u00e3o. Essa tens\u00e3o, enfim, pode levar o freio a romper -se durante atividades mais vigorosas. Se isso acontecer, h\u00e1 dor e sangramento no local.<\/p>\n<figure class=\"wp-block-image\"><img decoding=\"async\" src=\"https:\/\/tiaguiar.com\/wp-content\/uploads\/2019\/06\/freio2.png\" alt=\"Imagem de freio curto e curvatura peniana\" class=\"wp-image-174\" srcset=\"https:\/\/tiaguiar.com\/wp-content\/uploads\/2019\/06\/freio2.png 810w, https:\/\/tiaguiar.com\/wp-content\/uploads\/2019\/06\/freio2-600x349.png 600w, https:\/\/tiaguiar.com\/wp-content\/uploads\/2019\/06\/freio2-300x174.png 300w, https:\/\/tiaguiar.com\/wp-content\/uploads\/2019\/06\/freio2-768x447.png 768w\" sizes=\"(max-width: 810px) 100vw, 810px\" \/><\/figure>\n<h2><strong>Como saber se o freio \u00e9 curto?<\/strong><\/h2>\n<p>Na maior parte dos casos identifica-se o freio curto quando n\u00e3o \u00e9 poss\u00edvel puxar completamente a pele sobre a glande sem sentir uma ligeira press\u00e3o. No entanto outros sinais indicativos deste problema incluem:<\/p>\n<ul>\n<li>Dor ou desconforto que atrapalha o contato \u00edntimo;<\/li>\n<li>Cabe\u00e7a do p\u00eanis dobra para baixo quando a pele \u00e9 puxada para tr\u00e1s;<\/li>\n<li>O prep\u00facio n\u00e3o pode ser completamente puxada para tr\u00e1s.<\/li>\n<\/ul>\n<h2><strong>O que fa\u00e7o se achar que meu freio \u00e9 curto? Tenho que fazer a Pl\u00e1stica de Freio?<\/strong><\/h2>\n<p>Se achar que seu freio \u00e9 curto e isso o incomoda, procure seu urologista no IUP. Assim ele avaliar\u00e1 e dir\u00e1 se \u00e9 necess\u00e1rio o tratamento com a pl\u00e1stica de freio.<\/p>\n<h2><strong>O que fa\u00e7o se ele romper?<\/strong><\/h2>\n<p>Se o freio romper h\u00e1 dor e sangramento no local. Contudo n\u00e3o se desespere. Limpe com \u00e1gua e sabonete e comprima o local. Gelo tamb\u00e9m pode ajudar a parar o sangramento. Procure seu urologista assim que poss\u00edvel. Lembro que o IUP oferece<span>\u00a0<\/span><a href=\"tel: 19 34334243\">atendimento de urg\u00eancia<\/a><span>\u00a0<\/span>todos os dias das 7:00 \u00e0s 21:00 e ap\u00f3s esse hor\u00e1rio ficamos de sobreaviso caso seja necess\u00e1rio.<\/p>\n<h2><strong>Tratamento para o freio curto &#8211; Pl\u00e1stica de Freio<\/strong><\/h2>\n<p>Com a finalidade de tratar o freio curto, \u00e9 realizado um pequeno procedimento cir\u00fargico chamado pl\u00e1stica de freio ou frenuloplastia. Nessa cirurgia, em suma,\u00a0 o freio \u00e9 cortado e costurado de forma a diminuir a tens\u00e3o. Assim, o procedimento normalmente \u00e9 realizado no pr\u00f3prio consult\u00f3rio, em salas cir\u00fargicas preparadas para isso e com anestesia local. Demora de 15 a 20 minutos e, como \u00e9 um procedimento ambulatorial, ap\u00f3s seu t\u00e9rmino, o paciente pode ir para casa. Orienta-se um per\u00edodo de repouso e um per\u00edodo de abstin\u00eancia sexual para cicatriza\u00e7\u00e3o. Al\u00e9m de uso recomenda-se uso analg\u00e9sicos e gelo no local.<\/p>\n<p>&nbsp;<\/p>\n<p><a href=\"https:\/\/iup.com.br\"><img loading=\"lazy\" decoding=\"async\" src=\"https:\/\/tiaguiar.com\/wp-content\/uploads\/2019\/06\/iup1.png\" alt=\"consulta\" width=\"84\" height=\"84\" class=\" wp-image-181 aligncenter\" srcset=\"https:\/\/tiaguiar.com\/wp-content\/uploads\/2019\/06\/iup1.png 200w, https:\/\/tiaguiar.com\/wp-content\/uploads\/2019\/06\/iup1-160x160.png 160w, https:\/\/tiaguiar.com\/wp-content\/uploads\/2019\/06\/iup1-150x150.png 150w, https:\/\/tiaguiar.com\/wp-content\/uploads\/2019\/06\/iup1-100x100.png 100w\" sizes=\"auto, (max-width: 84px) 100vw, 84px\" \/><\/a><\/p>\n<p>&nbsp;<\/p>\n","protected":false},"excerpt":{"rendered":"<p>O tratamento do freio curto \u00e9 realizado com um procedimento chamado pl\u00e1stica de freio. Nessa cirurgia, o freio \u00e9 cortado e costurado de forma a diminuir a tens\u00e3o.<\/p>\n","protected":false},"featured_media":0,"comment_status":"open","ping_status":"closed","template":"","meta":{"content-type":"","_monsterinsights_skip_tracking":false,"_monsterinsights_sitenote_active":false,"_monsterinsights_sitenote_note":"","_monsterinsights_sitenote_category":0,"_themeisle_gutenberg_block_has_review":false},"product_brand":[],"product_cat":[125,121,120],"product_tag":[132,139,141,140,115,114,136],"class_list":{"0":"post-1121","1":"product","2":"type-product","3":"status-publish","5":"product_cat-andrologia","6":"product_cat-convenio","7":"product_cat-particular","8":"product_tag-consulta-urologista","9":"product_tag-freio","10":"product_tag-frenuloplastia","11":"product_tag-plastica-de-freio","12":"product_tag-urologia","13":"product_tag-urologista","14":"product_tag-urologista-piracicaba","16":"first","17":"instock","18":"taxable","19":"shipping-taxable","20":"product-type-external"},"yoast_head":"<!-- This site is optimized with the Yoast SEO plugin v27.4 - https:\/\/yoast.com\/product\/yoast-seo-wordpress\/ -->\n<title>Pl\u00e1stica de Freio ou Frenuloplastia - Urologista - Dr. Tiago Aguiar<\/title>\n<meta name=\"description\" content=\"O tratamento do freio curto \u00e9 realizado com a pl\u00e1stica de freio. Nessa cirurgia, o freio \u00e9 cortado e costurado de forma a diminuir a tens\u00e3o.\" \/>\n<meta name=\"robots\" content=\"index, follow, max-snippet:-1, max-image-preview:large, max-video-preview:-1\" \/>\n<link rel=\"canonical\" href=\"https:\/\/tiaguiar.com\/index.php\/product\/plastica-de-freio-2\/\" \/>\n<meta property=\"og:locale\" content=\"pt_BR\" \/>\n<meta property=\"og:type\" content=\"article\" \/>\n<meta property=\"og:title\" content=\"Pl\u00e1stica de Freio ou Frenuloplastia - Urologista - Dr. Tiago Aguiar\" \/>\n<meta property=\"og:description\" content=\"O tratamento do freio curto \u00e9 realizado com a pl\u00e1stica de freio. Nessa cirurgia, o freio \u00e9 cortado e costurado de forma a diminuir a tens\u00e3o.\" \/>\n<meta property=\"og:url\" content=\"https:\/\/tiaguiar.com\/index.php\/product\/plastica-de-freio-2\/\" \/>\n<meta property=\"og:site_name\" content=\"Urologista - Dr. Tiago Aguiar\" \/>\n<meta property=\"article:publisher\" content=\"https:\/\/www.facebook.com\/dr.tiagoaguiar\" \/>\n<meta property=\"article:modified_time\" content=\"2023-05-17T03:54:04+00:00\" \/>\n<meta property=\"og:image\" content=\"https:\/\/tiaguiar.com\/wp-content\/uploads\/2019\/08\/cirurgia2.jpg\" \/>\n\t<meta property=\"og:image:width\" content=\"780\" \/>\n\t<meta property=\"og:image:height\" content=\"390\" \/>\n\t<meta property=\"og:image:type\" content=\"image\/jpeg\" \/>\n<meta name=\"twitter:card\" content=\"summary_large_image\" \/>\n<meta name=\"twitter:label1\" content=\"Est. tempo de leitura\" \/>\n\t<meta name=\"twitter:data1\" content=\"3 minutos\" \/>\n<script type=\"application\/ld+json\" class=\"yoast-schema-graph\">{\"@context\":\"https:\\\/\\\/schema.org\",\"@graph\":[{\"@type\":\"WebPage\",\"@id\":\"https:\\\/\\\/tiaguiar.com\\\/index.php\\\/product\\\/plastica-de-freio-2\\\/\",\"url\":\"https:\\\/\\\/tiaguiar.com\\\/index.php\\\/product\\\/plastica-de-freio-2\\\/\",\"name\":\"Pl\u00e1stica de Freio ou Frenuloplastia - Urologista - Dr. Tiago Aguiar\",\"isPartOf\":{\"@id\":\"https:\\\/\\\/tiaguiar.com\\\/#website\"},\"primaryImageOfPage\":{\"@id\":\"https:\\\/\\\/tiaguiar.com\\\/index.php\\\/product\\\/plastica-de-freio-2\\\/#primaryimage\"},\"image\":{\"@id\":\"https:\\\/\\\/tiaguiar.com\\\/index.php\\\/product\\\/plastica-de-freio-2\\\/#primaryimage\"},\"thumbnailUrl\":\"https:\\\/\\\/tiaguiar.com\\\/wp-content\\\/uploads\\\/2019\\\/06\\\/freio2.png\",\"datePublished\":\"2019-08-02T12:53:13+00:00\",\"dateModified\":\"2023-05-17T03:54:04+00:00\",\"description\":\"O tratamento do freio curto \u00e9 realizado com a pl\u00e1stica de freio. Nessa cirurgia, o freio \u00e9 cortado e costurado de forma a diminuir a tens\u00e3o.\",\"breadcrumb\":{\"@id\":\"https:\\\/\\\/tiaguiar.com\\\/index.php\\\/product\\\/plastica-de-freio-2\\\/#breadcrumb\"},\"inLanguage\":\"pt-BR\",\"potentialAction\":[{\"@type\":\"ReadAction\",\"target\":[\"https:\\\/\\\/tiaguiar.com\\\/index.php\\\/product\\\/plastica-de-freio-2\\\/\"]}]},{\"@type\":\"ImageObject\",\"inLanguage\":\"pt-BR\",\"@id\":\"https:\\\/\\\/tiaguiar.com\\\/index.php\\\/product\\\/plastica-de-freio-2\\\/#primaryimage\",\"url\":\"\",\"contentUrl\":\"\"},{\"@type\":\"BreadcrumbList\",\"@id\":\"https:\\\/\\\/tiaguiar.com\\\/index.php\\\/product\\\/plastica-de-freio-2\\\/#breadcrumb\",\"itemListElement\":[{\"@type\":\"ListItem\",\"position\":1,\"name\":\"In\u00edcio\",\"item\":\"https:\\\/\\\/tiaguiar.com\\\/\"},{\"@type\":\"ListItem\",\"position\":2,\"name\":\"Servi\u00e7os Urol\u00f3gicos &#8211; IUP\",\"item\":\"https:\\\/\\\/tiaguiar.com\\\/index.php\\\/servicos\\\/\"},{\"@type\":\"ListItem\",\"position\":3,\"name\":\"Pl\u00e1stica de Freio ou Frenuloplastia\"}]},{\"@type\":\"WebSite\",\"@id\":\"https:\\\/\\\/tiaguiar.com\\\/#website\",\"url\":\"https:\\\/\\\/tiaguiar.com\\\/\",\"name\":\"Urologista - Dr. Tiago Aguiar\",\"description\":\"Urologista Piracicaba\",\"publisher\":{\"@id\":\"https:\\\/\\\/tiaguiar.com\\\/#organization\"},\"potentialAction\":[{\"@type\":\"SearchAction\",\"target\":{\"@type\":\"EntryPoint\",\"urlTemplate\":\"https:\\\/\\\/tiaguiar.com\\\/?s={search_term_string}\"},\"query-input\":{\"@type\":\"PropertyValueSpecification\",\"valueRequired\":true,\"valueName\":\"search_term_string\"}}],\"inLanguage\":\"pt-BR\"},{\"@type\":\"Organization\",\"@id\":\"https:\\\/\\\/tiaguiar.com\\\/#organization\",\"name\":\"Dr. Tiago Aguiar\",\"url\":\"https:\\\/\\\/tiaguiar.com\\\/\",\"logo\":{\"@type\":\"ImageObject\",\"inLanguage\":\"pt-BR\",\"@id\":\"https:\\\/\\\/tiaguiar.com\\\/#\\\/schema\\\/logo\\\/image\\\/\",\"url\":\"https:\\\/\\\/tiaguiar.com\\\/wp-content\\\/uploads\\\/2019\\\/06\\\/Logo.png\",\"contentUrl\":\"https:\\\/\\\/tiaguiar.com\\\/wp-content\\\/uploads\\\/2019\\\/06\\\/Logo.png\",\"width\":832,\"height\":146,\"caption\":\"Dr. Tiago Aguiar\"},\"image\":{\"@id\":\"https:\\\/\\\/tiaguiar.com\\\/#\\\/schema\\\/logo\\\/image\\\/\"},\"sameAs\":[\"https:\\\/\\\/www.facebook.com\\\/dr.tiagoaguiar\",\"https:\\\/\\\/www.instagram.com\\\/dr.tiagoaguiar\\\/\",\"https:\\\/\\\/www.youtube.com\\\/channel\\\/UCeaku16SlKgJJbQfdv09x3w\"]}]}<\/script>\n<!-- \/ Yoast SEO plugin. -->","yoast_head_json":{"title":"Pl\u00e1stica de Freio ou Frenuloplastia - Urologista - Dr. Tiago Aguiar","description":"O tratamento do freio curto \u00e9 realizado com a pl\u00e1stica de freio. Nessa cirurgia, o freio \u00e9 cortado e costurado de forma a diminuir a tens\u00e3o.","robots":{"index":"index","follow":"follow","max-snippet":"max-snippet:-1","max-image-preview":"max-image-preview:large","max-video-preview":"max-video-preview:-1"},"canonical":"https:\/\/tiaguiar.com\/index.php\/product\/plastica-de-freio-2\/","og_locale":"pt_BR","og_type":"article","og_title":"Pl\u00e1stica de Freio ou Frenuloplastia - Urologista - Dr. Tiago Aguiar","og_description":"O tratamento do freio curto \u00e9 realizado com a pl\u00e1stica de freio. Nessa cirurgia, o freio \u00e9 cortado e costurado de forma a diminuir a tens\u00e3o.","og_url":"https:\/\/tiaguiar.com\/index.php\/product\/plastica-de-freio-2\/","og_site_name":"Urologista - Dr. Tiago Aguiar","article_publisher":"https:\/\/www.facebook.com\/dr.tiagoaguiar","article_modified_time":"2023-05-17T03:54:04+00:00","og_image":[{"width":780,"height":390,"url":"https:\/\/tiaguiar.com\/wp-content\/uploads\/2019\/08\/cirurgia2.jpg","type":"image\/jpeg"}],"twitter_card":"summary_large_image","twitter_misc":{"Est. tempo de leitura":"3 minutos"},"schema":{"@context":"https:\/\/schema.org","@graph":[{"@type":"WebPage","@id":"https:\/\/tiaguiar.com\/index.php\/product\/plastica-de-freio-2\/","url":"https:\/\/tiaguiar.com\/index.php\/product\/plastica-de-freio-2\/","name":"Pl\u00e1stica de Freio ou Frenuloplastia - Urologista - Dr. Tiago Aguiar","isPartOf":{"@id":"https:\/\/tiaguiar.com\/#website"},"primaryImageOfPage":{"@id":"https:\/\/tiaguiar.com\/index.php\/product\/plastica-de-freio-2\/#primaryimage"},"image":{"@id":"https:\/\/tiaguiar.com\/index.php\/product\/plastica-de-freio-2\/#primaryimage"},"thumbnailUrl":"https:\/\/tiaguiar.com\/wp-content\/uploads\/2019\/06\/freio2.png","datePublished":"2019-08-02T12:53:13+00:00","dateModified":"2023-05-17T03:54:04+00:00","description":"O tratamento do freio curto \u00e9 realizado com a pl\u00e1stica de freio. Nessa cirurgia, o freio \u00e9 cortado e costurado de forma a diminuir a tens\u00e3o.","breadcrumb":{"@id":"https:\/\/tiaguiar.com\/index.php\/product\/plastica-de-freio-2\/#breadcrumb"},"inLanguage":"pt-BR","potentialAction":[{"@type":"ReadAction","target":["https:\/\/tiaguiar.com\/index.php\/product\/plastica-de-freio-2\/"]}]},{"@type":"ImageObject","inLanguage":"pt-BR","@id":"https:\/\/tiaguiar.com\/index.php\/product\/plastica-de-freio-2\/#primaryimage","url":"","contentUrl":""},{"@type":"BreadcrumbList","@id":"https:\/\/tiaguiar.com\/index.php\/product\/plastica-de-freio-2\/#breadcrumb","itemListElement":[{"@type":"ListItem","position":1,"name":"In\u00edcio","item":"https:\/\/tiaguiar.com\/"},{"@type":"ListItem","position":2,"name":"Servi\u00e7os Urol\u00f3gicos &#8211; IUP","item":"https:\/\/tiaguiar.com\/index.php\/servicos\/"},{"@type":"ListItem","position":3,"name":"Pl\u00e1stica de Freio ou Frenuloplastia"}]},{"@type":"WebSite","@id":"https:\/\/tiaguiar.com\/#website","url":"https:\/\/tiaguiar.com\/","name":"Urologista - Dr. Tiago Aguiar","description":"Urologista Piracicaba","publisher":{"@id":"https:\/\/tiaguiar.com\/#organization"},"potentialAction":[{"@type":"SearchAction","target":{"@type":"EntryPoint","urlTemplate":"https:\/\/tiaguiar.com\/?s={search_term_string}"},"query-input":{"@type":"PropertyValueSpecification","valueRequired":true,"valueName":"search_term_string"}}],"inLanguage":"pt-BR"},{"@type":"Organization","@id":"https:\/\/tiaguiar.com\/#organization","name":"Dr. Tiago Aguiar","url":"https:\/\/tiaguiar.com\/","logo":{"@type":"ImageObject","inLanguage":"pt-BR","@id":"https:\/\/tiaguiar.com\/#\/schema\/logo\/image\/","url":"https:\/\/tiaguiar.com\/wp-content\/uploads\/2019\/06\/Logo.png","contentUrl":"https:\/\/tiaguiar.com\/wp-content\/uploads\/2019\/06\/Logo.png","width":832,"height":146,"caption":"Dr. Tiago Aguiar"},"image":{"@id":"https:\/\/tiaguiar.com\/#\/schema\/logo\/image\/"},"sameAs":["https:\/\/www.facebook.com\/dr.tiagoaguiar","https:\/\/www.instagram.com\/dr.tiagoaguiar\/","https:\/\/www.youtube.com\/channel\/UCeaku16SlKgJJbQfdv09x3w"]}]}},"_links":{"self":[{"href":"https:\/\/tiaguiar.com\/index.php\/wp-json\/wp\/v2\/product\/1121","targetHints":{"allow":["GET"]}}],"collection":[{"href":"https:\/\/tiaguiar.com\/index.php\/wp-json\/wp\/v2\/product"}],"about":[{"href":"https:\/\/tiaguiar.com\/index.php\/wp-json\/wp\/v2\/types\/product"}],"replies":[{"embeddable":true,"href":"https:\/\/tiaguiar.com\/index.php\/wp-json\/wp\/v2\/comments?post=1121"}],"wp:attachment":[{"href":"https:\/\/tiaguiar.com\/index.php\/wp-json\/wp\/v2\/media?parent=1121"}],"wp:term":[{"taxonomy":"product_brand","embeddable":true,"href":"https:\/\/tiaguiar.com\/index.php\/wp-json\/wp\/v2\/product_brand?post=1121"},{"taxonomy":"product_cat","embeddable":true,"href":"https:\/\/tiaguiar.com\/index.php\/wp-json\/wp\/v2\/product_cat?post=1121"},{"taxonomy":"product_tag","embeddable":true,"href":"https:\/\/tiaguiar.com\/index.php\/wp-json\/wp\/v2\/product_tag?post=1121"}],"curies":[{"name":"wp","href":"https:\/\/api.w.org\/{rel}","templated":true}]}}