{"id":87,"date":"2019-06-24T00:33:18","date_gmt":"2019-06-24T03:33:18","guid":{"rendered":"http:\/\/tiaguiar.com\/?page_id=87"},"modified":"2024-08-11T08:56:09","modified_gmt":"2024-08-11T11:56:09","slug":"iup","status":"publish","type":"page","link":"https:\/\/tiaguiar.com\/index.php\/iup\/","title":{"rendered":"IUP &#8211; INSTITUTO DE UROLOGIA DE PIRACICABA"},"content":{"rendered":"\n<p>Atualmente fa\u00e7o parte do Corpo Cl\u00ednico do IUP &#8211; Instituto de Urologia de Piracicaba. Atuo como urologista no <a href=\"http:\/\/www.unimedpiracicaba.com.br\/hospital-unimed\/\">Hospital da Unimed de Piracicaba<\/a>, <a href=\"http:\/\/www.santacasasaudepiracicaba.com.br\/\">Santa Casa de Piracicaba<\/a> e <a href=\"http:\/\/hfcp.com.br\/\">Hospital dos Fornecedores de Cana de Piracicaba.<\/a><\/p>\n\n\n\n<figure class=\"wp-block-image size-large\"><img decoding=\"async\" src=\"https:\/\/tiaguiar.com\/wp-content\/uploads\/2020\/03\/telemedicina-2-1024x438.jpg\" alt=\"iup\" class=\"wp-image-6538\"\/><\/figure>\n\n\n\n<h2 class=\"wp-block-heading\">Por que escolher o IUP?<\/h2>\n\n\n\n<p>H\u00e1 mais de 30 anos em Piracicaba, o Instituto de Urologia nasceu com o intuito de assistir paciente urol\u00f3gico com qualidade, princ\u00edpios \u00e9ticos e human\u00edsticos. O corpo cl\u00ednico mant\u00e9m constante atualiza\u00e7\u00e3o. Urologia de ponta \u00e9 oferecida em instala\u00e7\u00f5es n\u00e3o apenas acolhedoras como tamb\u00e9m din\u00e2micas. Assim \u00e9 refer\u00eancia regional nas diversas especialidades relacionadas \u00e0 Urologia, tanto masculina quanto feminina.<\/p>\n\n\n\n<h2 class=\"wp-block-heading\">Consult\u00f3rios do IUP<\/h2>\n\n\n\n<p>Em nosso estabelecimento, possu\u00edmos 6 consult\u00f3rios para consultas eletivas, al\u00e9m de 3 consult\u00f3rios para atendimentos de urg\u00eancia. Temos uma recep\u00e7\u00e3o ampla e confort\u00e1vel. Nossas secret\u00e1rias s\u00e3o emp\u00e1ticas e sol\u00edcitas a suas demandas.<\/p>\n\n\n\n<h2 class=\"wp-block-heading\">Procedimentos<\/h2>\n\n\n\n<p>Com a finalidade de melhor atender os nossos pacientes, temos salas para exames e pequenas cirurgias no IUP. Assim realizamos procedimentos diagn\u00f3sticos e terap\u00eauticos no pr\u00f3prio Instituto. N\u00e3o apenas fluxometrias, urodin\u00e2micas, cistoscopias, uretroscopias e peniscopias, como tamb\u00e9m postectomias, vasectomias, cauteriza\u00e7\u00f5es, dilata\u00e7\u00f5es uretrais e meatoplastias.<\/p>\n\n\n\n<p>Do mesmo modo, temos dispon\u00edvel no pr\u00f3prio IUP, uma sala para realiza\u00e7\u00e3o de LECO &#8211; Litotripsia Extracorp\u00f3rea por Ondas de Choque. Portanto, conseguimos rapidamente e de forma pouco invasiva, tratar in\u00fameros casos de c\u00e1lculos renais e ureterais.<\/p>\n\n\n\n<h2 class=\"wp-block-heading\">Cirurgias<\/h2>\n\n\n\n<p>Nossa equipe n\u00e3o s\u00f3 possui forma\u00e7\u00e3o nas melhores institui\u00e7\u00f5es de ensino do pa\u00eds, como tamb\u00e9m procura atualizar-se e disponibilizar o que h\u00e1 de melhor em tratamento cir\u00fargico urol\u00f3gico. Estamos habilitados para atuar em todas as \u00e1reas da urologia: da urologia feminina \u00e0s cirurgias reconstrutivas da uretra, da endourologia \u00e0 andrologia (incluindo reprodu\u00e7\u00e3o humana) das cirurgias oncol\u00f3gicas mais extensas \u00e0 cirurgias laparosc\u00f3picas e rob\u00f3ticas, sem esquecer do tratamento da pr\u00f3stata e do transplante renal. Nosso know how em cirurgias urol\u00f3gicas de urg\u00eancia, poucas equipes no pa\u00eds possuem.<\/p>\n\n\n\n<figure class=\"wp-block-image size-large\"><img loading=\"lazy\" decoding=\"async\" width=\"1024\" height=\"602\" src=\"https:\/\/tiaguiar.com\/wp-content\/uploads\/2019\/10\/Robo6-1024x602.png\" alt=\"iup\" class=\"wp-image-2889\" srcset=\"https:\/\/tiaguiar.com\/wp-content\/uploads\/2019\/10\/Robo6-1024x602.png 1024w, https:\/\/tiaguiar.com\/wp-content\/uploads\/2019\/10\/Robo6-300x176.png 300w, https:\/\/tiaguiar.com\/wp-content\/uploads\/2019\/10\/Robo6-768x451.png 768w, https:\/\/tiaguiar.com\/wp-content\/uploads\/2019\/10\/Robo6-600x353.png 600w, https:\/\/tiaguiar.com\/wp-content\/uploads\/2019\/10\/Robo6.png 1514w\" sizes=\"auto, (max-width: 1024px) 100vw, 1024px\" \/><\/figure>\n\n\n\n<h2 class=\"wp-block-heading\">O IUP sempre est\u00e1 l\u00e1 quando voc\u00ea precisa<\/h2>\n\n\n\n<p>Enfim, o Instituto de Urologia de Piracicaba est\u00e1 sempre l\u00e1 quando voc\u00ea precisa. Todos os dias h\u00e1 um urologista da equipe a postos. Temos atendimento de segunda a sexta das 7:00 \u00e0s 17:00. Nos finais de semana e feriados ficamos de sobreaviso se acaso voc\u00ea precisar.<\/p>\n\n\n\n<p>Caso queira saber mais sobre o IUP, entre em&nbsp;<a href=\"https:\/\/tiaguiar.com\/index.php\/contato\/\">contato<\/a>&nbsp;ou acesse o&nbsp;<a href=\"https:\/\/iup.com.br\/\">site do IUP<\/a>.<\/p>\n\n\n<div class=\"wp-block-image\">\n<figure class=\"aligncenter is-resized\"><a href=\"https:\/\/iup.com.br\"><img loading=\"lazy\" decoding=\"async\" src=\"https:\/\/tiaguiar.com\/wp-content\/uploads\/2019\/06\/iup1.png\" alt=\"IUP\" class=\"wp-image-181\" width=\"148\" height=\"148\" srcset=\"https:\/\/tiaguiar.com\/wp-content\/uploads\/2019\/06\/iup1.png 200w, https:\/\/tiaguiar.com\/wp-content\/uploads\/2019\/06\/iup1-160x160.png 160w, https:\/\/tiaguiar.com\/wp-content\/uploads\/2019\/06\/iup1-150x150.png 150w, https:\/\/tiaguiar.com\/wp-content\/uploads\/2019\/06\/iup1-100x100.png 100w\" sizes=\"auto, (max-width: 148px) 100vw, 148px\" \/><\/a><\/figure>\n<\/div>","protected":false},"excerpt":{"rendered":"<p>Atualmente fa\u00e7o parte do Corpo Cl\u00ednico do IUP &#8211; Instituto de Urologia de Piracicaba. Atuo como urologista no Hospital da Unimed de Piracicaba, Santa Casa de Piracicaba e Hospital dos Fornecedores de Cana de Piracicaba. Por que escolher o IUP? H\u00e1 mais de 30 anos em Piracicaba, o Instituto de [&hellip;]<\/p>\n","protected":false},"author":1,"featured_media":36,"parent":0,"menu_order":0,"comment_status":"closed","ping_status":"closed","template":"","meta":{"content-type":"","_monsterinsights_skip_tracking":false,"_monsterinsights_sitenote_active":false,"_monsterinsights_sitenote_note":"","_monsterinsights_sitenote_category":0,"_themeisle_gutenberg_block_has_review":false,"footnotes":""},"class_list":["post-87","page","type-page","status-publish","has-post-thumbnail","hentry"],"yoast_head":"<!-- This site is optimized with the Yoast SEO plugin v27.5 - https:\/\/yoast.com\/product\/yoast-seo-wordpress\/ -->\n<title>IUP - INSTITUTO DE UROLOGIA DE PIRACICABA - Urologista - Dr. Tiago Aguiar<\/title>\n<meta name=\"description\" content=\"H\u00e1 mais de 30 anos em Piracicaba, o IUP nasceu com o intuito de assistir paciente urol\u00f3gico com qualidade, princ\u00edpios \u00e9ticos e human\u00edsticos\" \/>\n<meta name=\"robots\" content=\"index, follow, max-snippet:-1, max-image-preview:large, max-video-preview:-1\" \/>\n<link rel=\"canonical\" href=\"https:\/\/tiaguiar.com\/index.php\/iup\/\" \/>\n<meta property=\"og:locale\" content=\"pt_BR\" \/>\n<meta property=\"og:type\" content=\"article\" \/>\n<meta property=\"og:title\" content=\"IUP - INSTITUTO DE UROLOGIA DE PIRACICABA - Urologista - Dr. Tiago Aguiar\" \/>\n<meta property=\"og:description\" content=\"H\u00e1 mais de 30 anos em Piracicaba, o IUP nasceu com o intuito de assistir paciente urol\u00f3gico com qualidade, princ\u00edpios \u00e9ticos e human\u00edsticos\" \/>\n<meta property=\"og:url\" content=\"https:\/\/tiaguiar.com\/index.php\/iup\/\" \/>\n<meta property=\"og:site_name\" content=\"Urologista - Dr. Tiago Aguiar\" \/>\n<meta property=\"article:publisher\" content=\"https:\/\/www.facebook.com\/dr.tiagoaguiar\" \/>\n<meta property=\"article:modified_time\" content=\"2024-08-11T11:56:09+00:00\" \/>\n<meta property=\"og:image\" content=\"https:\/\/tiaguiar.com\/wp-content\/uploads\/2019\/06\/PHOTO-2019-04-25-09-59-00-e1628941990821.jpg\" \/>\n\t<meta property=\"og:image:width\" content=\"1209\" \/>\n\t<meta property=\"og:image:height\" content=\"448\" \/>\n\t<meta property=\"og:image:type\" content=\"image\/jpeg\" \/>\n<meta name=\"twitter:card\" content=\"summary_large_image\" \/>\n<meta name=\"twitter:label1\" content=\"Est. tempo de leitura\" \/>\n\t<meta name=\"twitter:data1\" content=\"3 minutos\" \/>\n<script type=\"application\/ld+json\" class=\"yoast-schema-graph\">{\"@context\":\"https:\\\/\\\/schema.org\",\"@graph\":[{\"@type\":\"WebPage\",\"@id\":\"https:\\\/\\\/tiaguiar.com\\\/index.php\\\/iup\\\/\",\"url\":\"https:\\\/\\\/tiaguiar.com\\\/index.php\\\/iup\\\/\",\"name\":\"IUP - INSTITUTO DE UROLOGIA DE PIRACICABA - Urologista - Dr. Tiago Aguiar\",\"isPartOf\":{\"@id\":\"https:\\\/\\\/tiaguiar.com\\\/#website\"},\"primaryImageOfPage\":{\"@id\":\"https:\\\/\\\/tiaguiar.com\\\/index.php\\\/iup\\\/#primaryimage\"},\"image\":{\"@id\":\"https:\\\/\\\/tiaguiar.com\\\/index.php\\\/iup\\\/#primaryimage\"},\"thumbnailUrl\":\"https:\\\/\\\/tiaguiar.com\\\/wp-content\\\/uploads\\\/2019\\\/06\\\/PHOTO-2019-04-25-09-59-00-e1628941990821.jpg\",\"datePublished\":\"2019-06-24T03:33:18+00:00\",\"dateModified\":\"2024-08-11T11:56:09+00:00\",\"description\":\"H\u00e1 mais de 30 anos em Piracicaba, o IUP nasceu com o intuito de assistir paciente urol\u00f3gico com qualidade, princ\u00edpios \u00e9ticos e human\u00edsticos\",\"breadcrumb\":{\"@id\":\"https:\\\/\\\/tiaguiar.com\\\/index.php\\\/iup\\\/#breadcrumb\"},\"inLanguage\":\"pt-BR\",\"potentialAction\":[{\"@type\":\"ReadAction\",\"target\":[\"https:\\\/\\\/tiaguiar.com\\\/index.php\\\/iup\\\/\"]}]},{\"@type\":\"ImageObject\",\"inLanguage\":\"pt-BR\",\"@id\":\"https:\\\/\\\/tiaguiar.com\\\/index.php\\\/iup\\\/#primaryimage\",\"url\":\"https:\\\/\\\/tiaguiar.com\\\/wp-content\\\/uploads\\\/2019\\\/06\\\/PHOTO-2019-04-25-09-59-00-e1628941990821.jpg\",\"contentUrl\":\"https:\\\/\\\/tiaguiar.com\\\/wp-content\\\/uploads\\\/2019\\\/06\\\/PHOTO-2019-04-25-09-59-00-e1628941990821.jpg\",\"width\":1209,\"height\":448},{\"@type\":\"BreadcrumbList\",\"@id\":\"https:\\\/\\\/tiaguiar.com\\\/index.php\\\/iup\\\/#breadcrumb\",\"itemListElement\":[{\"@type\":\"ListItem\",\"position\":1,\"name\":\"In\u00edcio\",\"item\":\"https:\\\/\\\/tiaguiar.com\\\/\"},{\"@type\":\"ListItem\",\"position\":2,\"name\":\"IUP &#8211; INSTITUTO DE UROLOGIA DE PIRACICABA\"}]},{\"@type\":\"WebSite\",\"@id\":\"https:\\\/\\\/tiaguiar.com\\\/#website\",\"url\":\"https:\\\/\\\/tiaguiar.com\\\/\",\"name\":\"Urologista - Dr. Tiago Aguiar\",\"description\":\"Urologista Piracicaba\",\"publisher\":{\"@id\":\"https:\\\/\\\/tiaguiar.com\\\/#organization\"},\"potentialAction\":[{\"@type\":\"SearchAction\",\"target\":{\"@type\":\"EntryPoint\",\"urlTemplate\":\"https:\\\/\\\/tiaguiar.com\\\/?s={search_term_string}\"},\"query-input\":{\"@type\":\"PropertyValueSpecification\",\"valueRequired\":true,\"valueName\":\"search_term_string\"}}],\"inLanguage\":\"pt-BR\"},{\"@type\":\"Organization\",\"@id\":\"https:\\\/\\\/tiaguiar.com\\\/#organization\",\"name\":\"Dr. Tiago Aguiar\",\"url\":\"https:\\\/\\\/tiaguiar.com\\\/\",\"logo\":{\"@type\":\"ImageObject\",\"inLanguage\":\"pt-BR\",\"@id\":\"https:\\\/\\\/tiaguiar.com\\\/#\\\/schema\\\/logo\\\/image\\\/\",\"url\":\"https:\\\/\\\/tiaguiar.com\\\/wp-content\\\/uploads\\\/2019\\\/06\\\/Logo.png\",\"contentUrl\":\"https:\\\/\\\/tiaguiar.com\\\/wp-content\\\/uploads\\\/2019\\\/06\\\/Logo.png\",\"width\":832,\"height\":146,\"caption\":\"Dr. Tiago Aguiar\"},\"image\":{\"@id\":\"https:\\\/\\\/tiaguiar.com\\\/#\\\/schema\\\/logo\\\/image\\\/\"},\"sameAs\":[\"https:\\\/\\\/www.facebook.com\\\/dr.tiagoaguiar\",\"https:\\\/\\\/www.instagram.com\\\/dr.tiagoaguiar\\\/\",\"https:\\\/\\\/www.youtube.com\\\/channel\\\/UCeaku16SlKgJJbQfdv09x3w\"]}]}<\/script>\n<!-- \/ Yoast SEO plugin. -->","yoast_head_json":{"title":"IUP - INSTITUTO DE UROLOGIA DE PIRACICABA - Urologista - Dr. Tiago Aguiar","description":"H\u00e1 mais de 30 anos em Piracicaba, o IUP nasceu com o intuito de assistir paciente urol\u00f3gico com qualidade, princ\u00edpios \u00e9ticos e human\u00edsticos","robots":{"index":"index","follow":"follow","max-snippet":"max-snippet:-1","max-image-preview":"max-image-preview:large","max-video-preview":"max-video-preview:-1"},"canonical":"https:\/\/tiaguiar.com\/index.php\/iup\/","og_locale":"pt_BR","og_type":"article","og_title":"IUP - INSTITUTO DE UROLOGIA DE PIRACICABA - Urologista - Dr. Tiago Aguiar","og_description":"H\u00e1 mais de 30 anos em Piracicaba, o IUP nasceu com o intuito de assistir paciente urol\u00f3gico com qualidade, princ\u00edpios \u00e9ticos e human\u00edsticos","og_url":"https:\/\/tiaguiar.com\/index.php\/iup\/","og_site_name":"Urologista - Dr. Tiago Aguiar","article_publisher":"https:\/\/www.facebook.com\/dr.tiagoaguiar","article_modified_time":"2024-08-11T11:56:09+00:00","og_image":[{"width":1209,"height":448,"url":"https:\/\/tiaguiar.com\/wp-content\/uploads\/2019\/06\/PHOTO-2019-04-25-09-59-00-e1628941990821.jpg","type":"image\/jpeg"}],"twitter_card":"summary_large_image","twitter_misc":{"Est. tempo de leitura":"3 minutos"},"schema":{"@context":"https:\/\/schema.org","@graph":[{"@type":"WebPage","@id":"https:\/\/tiaguiar.com\/index.php\/iup\/","url":"https:\/\/tiaguiar.com\/index.php\/iup\/","name":"IUP - INSTITUTO DE UROLOGIA DE PIRACICABA - Urologista - Dr. Tiago Aguiar","isPartOf":{"@id":"https:\/\/tiaguiar.com\/#website"},"primaryImageOfPage":{"@id":"https:\/\/tiaguiar.com\/index.php\/iup\/#primaryimage"},"image":{"@id":"https:\/\/tiaguiar.com\/index.php\/iup\/#primaryimage"},"thumbnailUrl":"https:\/\/tiaguiar.com\/wp-content\/uploads\/2019\/06\/PHOTO-2019-04-25-09-59-00-e1628941990821.jpg","datePublished":"2019-06-24T03:33:18+00:00","dateModified":"2024-08-11T11:56:09+00:00","description":"H\u00e1 mais de 30 anos em Piracicaba, o IUP nasceu com o intuito de assistir paciente urol\u00f3gico com qualidade, princ\u00edpios \u00e9ticos e human\u00edsticos","breadcrumb":{"@id":"https:\/\/tiaguiar.com\/index.php\/iup\/#breadcrumb"},"inLanguage":"pt-BR","potentialAction":[{"@type":"ReadAction","target":["https:\/\/tiaguiar.com\/index.php\/iup\/"]}]},{"@type":"ImageObject","inLanguage":"pt-BR","@id":"https:\/\/tiaguiar.com\/index.php\/iup\/#primaryimage","url":"https:\/\/tiaguiar.com\/wp-content\/uploads\/2019\/06\/PHOTO-2019-04-25-09-59-00-e1628941990821.jpg","contentUrl":"https:\/\/tiaguiar.com\/wp-content\/uploads\/2019\/06\/PHOTO-2019-04-25-09-59-00-e1628941990821.jpg","width":1209,"height":448},{"@type":"BreadcrumbList","@id":"https:\/\/tiaguiar.com\/index.php\/iup\/#breadcrumb","itemListElement":[{"@type":"ListItem","position":1,"name":"In\u00edcio","item":"https:\/\/tiaguiar.com\/"},{"@type":"ListItem","position":2,"name":"IUP &#8211; INSTITUTO DE UROLOGIA DE PIRACICABA"}]},{"@type":"WebSite","@id":"https:\/\/tiaguiar.com\/#website","url":"https:\/\/tiaguiar.com\/","name":"Urologista - Dr. Tiago Aguiar","description":"Urologista Piracicaba","publisher":{"@id":"https:\/\/tiaguiar.com\/#organization"},"potentialAction":[{"@type":"SearchAction","target":{"@type":"EntryPoint","urlTemplate":"https:\/\/tiaguiar.com\/?s={search_term_string}"},"query-input":{"@type":"PropertyValueSpecification","valueRequired":true,"valueName":"search_term_string"}}],"inLanguage":"pt-BR"},{"@type":"Organization","@id":"https:\/\/tiaguiar.com\/#organization","name":"Dr. Tiago Aguiar","url":"https:\/\/tiaguiar.com\/","logo":{"@type":"ImageObject","inLanguage":"pt-BR","@id":"https:\/\/tiaguiar.com\/#\/schema\/logo\/image\/","url":"https:\/\/tiaguiar.com\/wp-content\/uploads\/2019\/06\/Logo.png","contentUrl":"https:\/\/tiaguiar.com\/wp-content\/uploads\/2019\/06\/Logo.png","width":832,"height":146,"caption":"Dr. Tiago Aguiar"},"image":{"@id":"https:\/\/tiaguiar.com\/#\/schema\/logo\/image\/"},"sameAs":["https:\/\/www.facebook.com\/dr.tiagoaguiar","https:\/\/www.instagram.com\/dr.tiagoaguiar\/","https:\/\/www.youtube.com\/channel\/UCeaku16SlKgJJbQfdv09x3w"]}]}},"_links":{"self":[{"href":"https:\/\/tiaguiar.com\/index.php\/wp-json\/wp\/v2\/pages\/87","targetHints":{"allow":["GET"]}}],"collection":[{"href":"https:\/\/tiaguiar.com\/index.php\/wp-json\/wp\/v2\/pages"}],"about":[{"href":"https:\/\/tiaguiar.com\/index.php\/wp-json\/wp\/v2\/types\/page"}],"author":[{"embeddable":true,"href":"https:\/\/tiaguiar.com\/index.php\/wp-json\/wp\/v2\/users\/1"}],"replies":[{"embeddable":true,"href":"https:\/\/tiaguiar.com\/index.php\/wp-json\/wp\/v2\/comments?post=87"}],"version-history":[{"count":17,"href":"https:\/\/tiaguiar.com\/index.php\/wp-json\/wp\/v2\/pages\/87\/revisions"}],"predecessor-version":[{"id":7331,"href":"https:\/\/tiaguiar.com\/index.php\/wp-json\/wp\/v2\/pages\/87\/revisions\/7331"}],"wp:featuredmedia":[{"embeddable":true,"href":"https:\/\/tiaguiar.com\/index.php\/wp-json\/wp\/v2\/media\/36"}],"wp:attachment":[{"href":"https:\/\/tiaguiar.com\/index.php\/wp-json\/wp\/v2\/media?parent=87"}],"curies":[{"name":"wp","href":"https:\/\/api.w.org\/{rel}","templated":true}]}}