{"id":418,"date":"2019-07-11T21:56:06","date_gmt":"2019-07-12T00:56:06","guid":{"rendered":"https:\/\/tiaguiar.com\/index.php\/hestia-front\/"},"modified":"2024-08-11T08:57:37","modified_gmt":"2024-08-11T11:57:37","slug":"urologista-2","status":"publish","type":"page","link":"https:\/\/tiaguiar.com\/","title":{"rendered":"Urologista Piracicaba"},"content":{"rendered":"\n<h2 class=\"has-text-align-center wp-block-heading\">DR. TIAGO AGUIAR<\/h2>\n\n\n\n<p>Bem-vindo(a) \u00e0 Pagina do Urologista &#8211;&nbsp; Dr. Tiago Aguiar. Aqui, em primeiro lugar,  voc\u00ea encontrar\u00e1 informa\u00e7\u00f5es sobre urologia para ajudar em suas d\u00favidas. Tamb\u00e9m poder\u00e1 entrar em contato comigo, agendar consultas e enviar exames. Assim, espero que esse canal possa nos aproximar.&nbsp;<\/p>\n\n\n\n<p>Tenho&nbsp; a miss\u00e3o de dedicar-me inteiramente \u00e0 busca do conforto e da cura dos pacientes e, assim sendo, utilizo-me de todos os recursos dispon\u00edveis na medicina e sempre de maneira humana.<\/p>\n\n\n\n<p>Sigo, antes de tudo, os valores de \u00e9tica, respeito e humaniza\u00e7\u00e3o nas rela\u00e7\u00f5es com a sociedade: pacientes, colaboradores, fornecedores, legisla\u00e7\u00e3o e comunidade.<\/p>\n\n\n\n<p>Procuro manter-me&nbsp; atualizado com as inova\u00e7\u00f5es tecnol\u00f3gicas da medicina e, dessa maneira, servir melhor as pessoas.<\/p>\n\n\n\n<p>Com\nefeito, tamb\u00e9m procuro manter um ambiente de trabalho\nsaud\u00e1vel,&nbsp;alegre&nbsp;e que contribua de maneira integral com a&nbsp;sa\u00fade\ndos pacientes.<\/p>\n\n\n\n<p>Enfim,\nbusco resultados \u00f3timos e sustent\u00e1veis&nbsp;para elevar sempre a&nbsp;qualidade\ndos servi\u00e7os m\u00e9dicos prestados.<\/p>\n\n\n\n<p><\/p>\n\n\n\n<h2 class=\"has-text-align-center wp-block-heading\">REDES SOCIAIS &#8211; UROLOGISTA<\/h2>\n\n\n\n<h2 class=\"has-text-align-center wp-block-heading\"> DR. TIAGO AGUIAR<\/h2>\n\n\n\n<p class=\"has-text-align-left\">\u00c9 ineg\u00e1vel a for\u00e7a das redes sociais em nossos dias. Por isso tamb\u00e9m as utilizo para divulgar as informa\u00e7\u00f5es ligadas a Urologia al\u00e9m das campanhas e novidades que tivermos no <a href=\"https:\/\/tiaguiar.com\/index.php\/iup\/\">Instituto de Urologia de Piracicaba<\/a>.  Enfim, se quiser ficar atualizado sobre as novidades do <a href=\"https:\/\/tiaguiar.com\/index.php\/iup\/\">IUP<\/a> e do  <a href=\"https:\/\/tiaguiar.com\/index.php\/blog-de-urologia\/\">Blog de Urologia<\/a>, siga-me nas redes sociais.<\/p>\n\n\n\n<font size=\"7\" face=\"Verdana\">\n<center>\n<center>\n<a href=\"https:\/\/www.facebook.com\/dr.tiagoaguiar\"><i class=\"fab fa-facebook\"><\/i><\/a>\n<a href=\"https:\/\/www.instagram.com\/dr.tiagoaguiar\"><i class=\"fab fa-instagram\"><\/i><\/a>\n<\/center>\n<\/center>\n<\/font>\n\n\n\n<script id=\"mcjs\">!function(c,h,i,m,p){m=c.createElement(h),p=c.getElementsByTagName(h)[0],m.async=1,m.src=i,p.parentNode.insertBefore(m,p)}(document,\"script\",\"https:\/\/chimpstatic.com\/mcjs-connected\/js\/users\/c63ce19a3a73e55c1d136abc7\/3290660039beeaa521af15e41.js\");<\/script>\n\n\n\n<h2 class=\"has-text-align-center wp-block-heading\">PORQUE ESCOLHER UM UROLOGISTA DO IUP?<\/h2>\n\n\n\n<p>H\u00e1 mais de 30 anos em Piracicaba, o Instituto de Urologia nasceu com o intuito de assistir paciente urol\u00f3gico com qualidade, princ\u00edpios \u00e9ticos e human\u00edsticos. Com efeito, o corpo cl\u00ednico mant\u00e9m constante atualiza\u00e7\u00e3o. Urologia de ponta \u00e9 oferecida em instala\u00e7\u00f5es n\u00e3o apenas acolhedoras como tamb\u00e9m din\u00e2micas. Assim \u00e9 refer\u00eancia regional nas diversas especialidades relacionadas \u00e0 Urologia, tanto masculina quanto feminina.<\/p>\n\n\n\n<h2 class=\"has-text-align-center wp-block-heading\">CIRURGIAS UROL\u00d3GICAS<\/h2>\n\n\n\n<p>Nossa equipe n\u00e3o s\u00f3 possui urologistas com forma\u00e7\u00e3o nas melhores institui\u00e7\u00f5es de ensino do pa\u00eds, como tamb\u00e9m procura atualizar-se e disponibilizar o que h\u00e1 de melhor em tratamento cir\u00fargico urol\u00f3gico \u00e0 popula\u00e7\u00e3o de Piracicaba. Estamos habilitados para atuar em todas as \u00e1reas da urologia: da urologia feminina \u00e0s cirurgias reconstrutivas da uretra, da endourologia \u00e0 andrologia (incluindo reprodu\u00e7\u00e3o humana) das cirurgias oncol\u00f3gicas mais extensas \u00e0 cirurgias laparosc\u00f3picas e rob\u00f3ticas, sem esquecer do tratamento da pr\u00f3stata e do transplante renal. Nosso know how em cirurgias urol\u00f3gicas de urg\u00eancia, poucas equipes no pa\u00eds possuem.<\/p>\n\n\n\n<h2 class=\"has-text-align-center wp-block-heading\">O IUP SEMPRE EST\u00c1 L\u00c1 QUANDO VOC\u00ca PRECISA &#8211; UM UROLOGISTA \u00c0 SUA DISPOSI\u00c7\u00c3O.<\/h2>\n\n\n\n<p>Enfim, o Instituto de Urologia de Piracicaba est\u00e1 sempre l\u00e1 quando voc\u00ea precisa. Todos os dias h\u00e1 um urologista da equipe a postos. Temos atendimento de segunda a sexta das 7:00 \u00e0s 17:00. Ap\u00f3s \u00e0s 17:00hs, finais de semana e feriados ficamos de sobreaviso se acaso voc\u00ea precisar.<\/p>\n\n\n\n<p>Caso queira saber mais sobre o IUP, entre em&nbsp;<a href=\"https:\/\/tiaguiar.com\/index.php\/contato\/\">contato<\/a>&nbsp;ou acesse o <a href=\"https:\/\/iup.com.br\">site do IUP<\/a>.<\/p>\n\n\n\n<p><\/p>\n","protected":false},"excerpt":{"rendered":"<p>DR. TIAGO AGUIAR Bem-vindo(a) \u00e0 Pagina do Urologista &#8211;&nbsp; Dr. Tiago Aguiar. Aqui, em primeiro lugar, voc\u00ea encontrar\u00e1 informa\u00e7\u00f5es sobre urologia para ajudar em suas d\u00favidas. Tamb\u00e9m poder\u00e1 entrar em contato comigo, agendar consultas e enviar exames. Assim, espero que esse canal possa nos aproximar.&nbsp; Tenho&nbsp; a miss\u00e3o de dedicar-me [&hellip;]<\/p>\n","protected":false},"author":1,"featured_media":401,"parent":0,"menu_order":0,"comment_status":"closed","ping_status":"closed","template":"","meta":{"content-type":"","_monsterinsights_skip_tracking":false,"_monsterinsights_sitenote_active":false,"_monsterinsights_sitenote_note":"","_monsterinsights_sitenote_category":0,"_themeisle_gutenberg_block_has_review":false,"footnotes":""},"class_list":["post-418","page","type-page","status-publish","has-post-thumbnail","hentry"],"yoast_head":"<!-- This site is optimized with the Yoast SEO plugin v27.4 - https:\/\/yoast.com\/product\/yoast-seo-wordpress\/ -->\n<title>Urologista Piracicaba - Urologista - Dr. Tiago Aguiar<\/title>\n<meta name=\"description\" content=\"Gradu\u00e7\u00e3o na FMRP-USP. Resid\u00eancia de Cirurgia Geral na FM-USP e Urologia na FCM UNICAMP. Atualmente \u00e9 urologista do Instituto de Urologia de Piracicaba.\" \/>\n<meta name=\"robots\" content=\"index, follow, max-snippet:-1, max-image-preview:large, max-video-preview:-1\" \/>\n<link rel=\"canonical\" href=\"https:\/\/tiaguiar.com\/\" \/>\n<meta property=\"og:locale\" content=\"pt_BR\" \/>\n<meta property=\"og:type\" content=\"article\" \/>\n<meta property=\"og:title\" content=\"Urologista Piracicaba - Urologista - Dr. Tiago Aguiar\" \/>\n<meta property=\"og:description\" content=\"Gradu\u00e7\u00e3o na FMRP-USP. Resid\u00eancia de Cirurgia Geral na FM-USP e Urologia na FCM UNICAMP. Atualmente \u00e9 urologista do Instituto de Urologia de Piracicaba.\" \/>\n<meta property=\"og:url\" content=\"https:\/\/tiaguiar.com\/\" \/>\n<meta property=\"og:site_name\" content=\"Urologista - Dr. Tiago Aguiar\" \/>\n<meta property=\"article:publisher\" content=\"https:\/\/www.facebook.com\/dr.tiagoaguiar\" \/>\n<meta property=\"article:modified_time\" content=\"2024-08-11T11:57:37+00:00\" \/>\n<meta property=\"og:image\" content=\"https:\/\/tiaguiar.com\/wp-content\/uploads\/2019\/07\/medicina-moderna1.jpg\" \/>\n\t<meta property=\"og:image:width\" content=\"736\" \/>\n\t<meta property=\"og:image:height\" content=\"325\" \/>\n\t<meta property=\"og:image:type\" content=\"image\/jpeg\" \/>\n<meta name=\"twitter:card\" content=\"summary_large_image\" \/>\n<meta name=\"twitter:label1\" content=\"Est. tempo de leitura\" \/>\n\t<meta name=\"twitter:data1\" content=\"3 minutos\" \/>\n<script type=\"application\/ld+json\" class=\"yoast-schema-graph\">{\"@context\":\"https:\\\/\\\/schema.org\",\"@graph\":[{\"@type\":\"WebPage\",\"@id\":\"https:\\\/\\\/tiaguiar.com\\\/\",\"url\":\"https:\\\/\\\/tiaguiar.com\\\/\",\"name\":\"Urologista Piracicaba - Urologista - Dr. Tiago Aguiar\",\"isPartOf\":{\"@id\":\"https:\\\/\\\/tiaguiar.com\\\/#website\"},\"primaryImageOfPage\":{\"@id\":\"https:\\\/\\\/tiaguiar.com\\\/#primaryimage\"},\"image\":{\"@id\":\"https:\\\/\\\/tiaguiar.com\\\/#primaryimage\"},\"thumbnailUrl\":\"https:\\\/\\\/tiaguiar.com\\\/wp-content\\\/uploads\\\/2019\\\/07\\\/medicina-moderna1.jpg\",\"datePublished\":\"2019-07-12T00:56:06+00:00\",\"dateModified\":\"2024-08-11T11:57:37+00:00\",\"description\":\"Gradu\u00e7\u00e3o na FMRP-USP. Resid\u00eancia de Cirurgia Geral na FM-USP e Urologia na FCM UNICAMP. Atualmente \u00e9 urologista do Instituto de Urologia de Piracicaba.\",\"breadcrumb\":{\"@id\":\"https:\\\/\\\/tiaguiar.com\\\/#breadcrumb\"},\"inLanguage\":\"pt-BR\",\"potentialAction\":[{\"@type\":\"ReadAction\",\"target\":[\"https:\\\/\\\/tiaguiar.com\\\/\"]}]},{\"@type\":\"ImageObject\",\"inLanguage\":\"pt-BR\",\"@id\":\"https:\\\/\\\/tiaguiar.com\\\/#primaryimage\",\"url\":\"https:\\\/\\\/tiaguiar.com\\\/wp-content\\\/uploads\\\/2019\\\/07\\\/medicina-moderna1.jpg\",\"contentUrl\":\"https:\\\/\\\/tiaguiar.com\\\/wp-content\\\/uploads\\\/2019\\\/07\\\/medicina-moderna1.jpg\",\"width\":736,\"height\":325,\"caption\":\"urologista\"},{\"@type\":\"BreadcrumbList\",\"@id\":\"https:\\\/\\\/tiaguiar.com\\\/#breadcrumb\",\"itemListElement\":[{\"@type\":\"ListItem\",\"position\":1,\"name\":\"In\u00edcio\",\"item\":\"https:\\\/\\\/tiaguiar.com\\\/\"},{\"@type\":\"ListItem\",\"position\":2,\"name\":\"Urologista Piracicaba\"}]},{\"@type\":\"WebSite\",\"@id\":\"https:\\\/\\\/tiaguiar.com\\\/#website\",\"url\":\"https:\\\/\\\/tiaguiar.com\\\/\",\"name\":\"Urologista - Dr. Tiago Aguiar\",\"description\":\"Urologista Piracicaba\",\"publisher\":{\"@id\":\"https:\\\/\\\/tiaguiar.com\\\/#organization\"},\"potentialAction\":[{\"@type\":\"SearchAction\",\"target\":{\"@type\":\"EntryPoint\",\"urlTemplate\":\"https:\\\/\\\/tiaguiar.com\\\/?s={search_term_string}\"},\"query-input\":{\"@type\":\"PropertyValueSpecification\",\"valueRequired\":true,\"valueName\":\"search_term_string\"}}],\"inLanguage\":\"pt-BR\"},{\"@type\":\"Organization\",\"@id\":\"https:\\\/\\\/tiaguiar.com\\\/#organization\",\"name\":\"Dr. Tiago Aguiar\",\"url\":\"https:\\\/\\\/tiaguiar.com\\\/\",\"logo\":{\"@type\":\"ImageObject\",\"inLanguage\":\"pt-BR\",\"@id\":\"https:\\\/\\\/tiaguiar.com\\\/#\\\/schema\\\/logo\\\/image\\\/\",\"url\":\"https:\\\/\\\/tiaguiar.com\\\/wp-content\\\/uploads\\\/2019\\\/06\\\/Logo.png\",\"contentUrl\":\"https:\\\/\\\/tiaguiar.com\\\/wp-content\\\/uploads\\\/2019\\\/06\\\/Logo.png\",\"width\":832,\"height\":146,\"caption\":\"Dr. Tiago Aguiar\"},\"image\":{\"@id\":\"https:\\\/\\\/tiaguiar.com\\\/#\\\/schema\\\/logo\\\/image\\\/\"},\"sameAs\":[\"https:\\\/\\\/www.facebook.com\\\/dr.tiagoaguiar\",\"https:\\\/\\\/www.instagram.com\\\/dr.tiagoaguiar\\\/\",\"https:\\\/\\\/www.youtube.com\\\/channel\\\/UCeaku16SlKgJJbQfdv09x3w\"]}]}<\/script>\n<!-- \/ Yoast SEO plugin. -->","yoast_head_json":{"title":"Urologista Piracicaba - Urologista - Dr. Tiago Aguiar","description":"Gradu\u00e7\u00e3o na FMRP-USP. Resid\u00eancia de Cirurgia Geral na FM-USP e Urologia na FCM UNICAMP. Atualmente \u00e9 urologista do Instituto de Urologia de Piracicaba.","robots":{"index":"index","follow":"follow","max-snippet":"max-snippet:-1","max-image-preview":"max-image-preview:large","max-video-preview":"max-video-preview:-1"},"canonical":"https:\/\/tiaguiar.com\/","og_locale":"pt_BR","og_type":"article","og_title":"Urologista Piracicaba - Urologista - Dr. Tiago Aguiar","og_description":"Gradu\u00e7\u00e3o na FMRP-USP. Resid\u00eancia de Cirurgia Geral na FM-USP e Urologia na FCM UNICAMP. Atualmente \u00e9 urologista do Instituto de Urologia de Piracicaba.","og_url":"https:\/\/tiaguiar.com\/","og_site_name":"Urologista - Dr. Tiago Aguiar","article_publisher":"https:\/\/www.facebook.com\/dr.tiagoaguiar","article_modified_time":"2024-08-11T11:57:37+00:00","og_image":[{"width":736,"height":325,"url":"https:\/\/tiaguiar.com\/wp-content\/uploads\/2019\/07\/medicina-moderna1.jpg","type":"image\/jpeg"}],"twitter_card":"summary_large_image","twitter_misc":{"Est. tempo de leitura":"3 minutos"},"schema":{"@context":"https:\/\/schema.org","@graph":[{"@type":"WebPage","@id":"https:\/\/tiaguiar.com\/","url":"https:\/\/tiaguiar.com\/","name":"Urologista Piracicaba - Urologista - Dr. Tiago Aguiar","isPartOf":{"@id":"https:\/\/tiaguiar.com\/#website"},"primaryImageOfPage":{"@id":"https:\/\/tiaguiar.com\/#primaryimage"},"image":{"@id":"https:\/\/tiaguiar.com\/#primaryimage"},"thumbnailUrl":"https:\/\/tiaguiar.com\/wp-content\/uploads\/2019\/07\/medicina-moderna1.jpg","datePublished":"2019-07-12T00:56:06+00:00","dateModified":"2024-08-11T11:57:37+00:00","description":"Gradu\u00e7\u00e3o na FMRP-USP. Resid\u00eancia de Cirurgia Geral na FM-USP e Urologia na FCM UNICAMP. Atualmente \u00e9 urologista do Instituto de Urologia de Piracicaba.","breadcrumb":{"@id":"https:\/\/tiaguiar.com\/#breadcrumb"},"inLanguage":"pt-BR","potentialAction":[{"@type":"ReadAction","target":["https:\/\/tiaguiar.com\/"]}]},{"@type":"ImageObject","inLanguage":"pt-BR","@id":"https:\/\/tiaguiar.com\/#primaryimage","url":"https:\/\/tiaguiar.com\/wp-content\/uploads\/2019\/07\/medicina-moderna1.jpg","contentUrl":"https:\/\/tiaguiar.com\/wp-content\/uploads\/2019\/07\/medicina-moderna1.jpg","width":736,"height":325,"caption":"urologista"},{"@type":"BreadcrumbList","@id":"https:\/\/tiaguiar.com\/#breadcrumb","itemListElement":[{"@type":"ListItem","position":1,"name":"In\u00edcio","item":"https:\/\/tiaguiar.com\/"},{"@type":"ListItem","position":2,"name":"Urologista Piracicaba"}]},{"@type":"WebSite","@id":"https:\/\/tiaguiar.com\/#website","url":"https:\/\/tiaguiar.com\/","name":"Urologista - Dr. Tiago Aguiar","description":"Urologista Piracicaba","publisher":{"@id":"https:\/\/tiaguiar.com\/#organization"},"potentialAction":[{"@type":"SearchAction","target":{"@type":"EntryPoint","urlTemplate":"https:\/\/tiaguiar.com\/?s={search_term_string}"},"query-input":{"@type":"PropertyValueSpecification","valueRequired":true,"valueName":"search_term_string"}}],"inLanguage":"pt-BR"},{"@type":"Organization","@id":"https:\/\/tiaguiar.com\/#organization","name":"Dr. Tiago Aguiar","url":"https:\/\/tiaguiar.com\/","logo":{"@type":"ImageObject","inLanguage":"pt-BR","@id":"https:\/\/tiaguiar.com\/#\/schema\/logo\/image\/","url":"https:\/\/tiaguiar.com\/wp-content\/uploads\/2019\/06\/Logo.png","contentUrl":"https:\/\/tiaguiar.com\/wp-content\/uploads\/2019\/06\/Logo.png","width":832,"height":146,"caption":"Dr. Tiago Aguiar"},"image":{"@id":"https:\/\/tiaguiar.com\/#\/schema\/logo\/image\/"},"sameAs":["https:\/\/www.facebook.com\/dr.tiagoaguiar","https:\/\/www.instagram.com\/dr.tiagoaguiar\/","https:\/\/www.youtube.com\/channel\/UCeaku16SlKgJJbQfdv09x3w"]}]}},"_links":{"self":[{"href":"https:\/\/tiaguiar.com\/index.php\/wp-json\/wp\/v2\/pages\/418","targetHints":{"allow":["GET"]}}],"collection":[{"href":"https:\/\/tiaguiar.com\/index.php\/wp-json\/wp\/v2\/pages"}],"about":[{"href":"https:\/\/tiaguiar.com\/index.php\/wp-json\/wp\/v2\/types\/page"}],"author":[{"embeddable":true,"href":"https:\/\/tiaguiar.com\/index.php\/wp-json\/wp\/v2\/users\/1"}],"replies":[{"embeddable":true,"href":"https:\/\/tiaguiar.com\/index.php\/wp-json\/wp\/v2\/comments?post=418"}],"version-history":[{"count":59,"href":"https:\/\/tiaguiar.com\/index.php\/wp-json\/wp\/v2\/pages\/418\/revisions"}],"predecessor-version":[{"id":7332,"href":"https:\/\/tiaguiar.com\/index.php\/wp-json\/wp\/v2\/pages\/418\/revisions\/7332"}],"wp:featuredmedia":[{"embeddable":true,"href":"https:\/\/tiaguiar.com\/index.php\/wp-json\/wp\/v2\/media\/401"}],"wp:attachment":[{"href":"https:\/\/tiaguiar.com\/index.php\/wp-json\/wp\/v2\/media?parent=418"}],"curies":[{"name":"wp","href":"https:\/\/api.w.org\/{rel}","templated":true}]}}